{"id":59,"date":"2018-12-20T13:02:27","date_gmt":"2018-12-20T13:02:27","guid":{"rendered":"http:\/\/protrampolines.com\/de\/?page_id=59"},"modified":"2022-07-08T07:59:49","modified_gmt":"2022-07-08T05:59:49","slug":"uber-uns","status":"publish","type":"page","link":"https:\/\/protrampolines.com\/de\/uber-uns\/","title":{"rendered":"\u00dcber uns"},"content":{"rendered":"<h2>Trampolin Experten.<\/h2>\n<p>Wir sind ein Trampolinh\u00e4ndler mit Firmensitz in Kroatien, aber wir sind \u00fcber mehrere Tochtergesellschaften auf der ganzen Welt t\u00e4tig.<\/p>\n<p>Als registrierte Amazon-Verk\u00e4ufer nutzen wir ihre Dienstleistungen f\u00fcr den Versand von Trampolinen in Gebieten, die wir derzeit nicht abdecken, aber wir arbeiten auch als Affiliates (Siehe: <a href=\"\/de\/amazon-affiliate-disclaimer\/\">Amazon Affiliate Disclaimer<\/a>).<\/p>\n<p>Hier bei ProTrampolines sind wir stolz darauf, Ihnen, dem Kunden, die M\u00f6glichkeit zu bieten, das gesamte Trampolin- und Zubeh\u00f6rprogramm zu besichtigen. Wir verstehen, dass die Ausgabe einer Geldsumme f\u00fcr einen solchen Gegenstand sorgf\u00e4ltige \u00dcberlegungen erfordert. Wir verkaufen mehr als 20.000 Trampoline pro Jahr, so dass unsere Mitarbeiter \u00fcber eine beispiellose Erfahrung verf\u00fcgen und wirklich wissen, wie sie Ihnen helfen k\u00f6nnen, die richtige Wahl zu treffen und das f\u00fcr Sie beste Trampolin zu finden.<\/p>\n<p>Die Auswahl an Trampolinen, die wir in unserem Angebot haben, ist ideal f\u00fcr Kinder und Erwachsene und kann f\u00fcr lustige Zeiten, als \u00dcbung oder eine Mischung aus beidem genutzt werden. Die Gr\u00f6\u00dfen beginnen bei 3 Fu\u00df und erh\u00f6hen sich je nach Ihren Anforderungen auf 16 Fu\u00df. Zubeh\u00f6r wie Zelte, Abdeckungen, Leitern, Sprungbretter und vieles mehr werden verkauft, um Ihr Trampolin Ihrer Wahl zu erg\u00e4nzen und f\u00fcr ein besseres Erlebnis zu sorgen. Sicherheit muss bei einem mitgelieferten Geh\u00e4use nie ein Thema sein.<\/p>\n<p>Mit hochwertigen Trampolinen und wettbewerbsf\u00e4higen Preisen k\u00f6nnen wir ein fantastisches Benutzererlebnis garantieren. Schauen Sie sich die Website an und z\u00f6gern Sie nicht, uns bei Fragen zu kontaktieren.<\/p>\n<h3>M\u00e4rkte, die wir abdecken:<\/h3>\n<p><strong>US:<\/strong> <a title=\"ProTrampolines United States\" href=\"https:\/\/protrampolines.com\">ProTrampolines.com<\/a><\/p>\n<p><strong>Kanada:<\/strong> <a title=\"Protrampolines Kanada\" href=\"https:\/\/protrampolines.com\/ca\/\">ProTrampolines Kanada<\/a><\/p>\n<p><strong>Vereinigtes K\u00f6nigreich:<\/strong> <a title=\"ProTrampolines UK\" href=\"https:\/\/protrampolines.com\/uk\/\">ProTrampoline UK<\/a><\/p>\n<p><strong>Irland:<\/strong> <a title=\"ProTrampolines Irland\" href=\"https:\/\/protrampolines.com\/ie\/\">ProTrampolines IE<\/a><\/p>\n<p><strong>Deutschland:<\/strong> <a title=\"ProTrampolines Deutschland\" href=\"https:\/\/protrampolines.com\/de\/\">ProTrampolines DE<\/a><\/p>\n<p><strong>Australien:<\/strong> <a title=\"ProTrampolines Australien\" href=\"https:\/\/protrampolines.com\/au\/\">ProTrampolines AU<\/a><\/p>\n<hr \/>\n<h4>\u00dcber uns:<\/h4>\n<p>Virtualis digital<br \/>\nAntuna Mihanovica 5<br \/>\nCakovec, 40000<br \/>\nKroatien<\/p>\n","protected":false},"excerpt":{"rendered":"<p>Trampolin Experten. Wir sind ein Trampolinh\u00e4ndler mit Firmensitz in Kroatien, aber wir sind \u00fcber mehrere Tochtergesellschaften auf der ganzen Welt t\u00e4tig. Als registrierte Amazon-Verk\u00e4ufer nutzen wir ihre Dienstleistungen f\u00fcr den Versand von Trampolinen in Gebieten, die wir derzeit nicht abdecken, aber wir arbeiten auch als Affiliates (Siehe: Amazon Affiliate Disclaimer). Hier bei ProTrampolines sind wir stolz darauf, Ihnen, dem Kunden, die M\u00f6glichkeit zu bieten, das gesamte Trampolin- und Zubeh\u00f6rprogramm zu besichtigen. Wir verstehen, dass die <\/p>\n<p class=\"read-more-container\"><a class=\"button read-more\" href=\"https:\/\/protrampolines.com\/de\/uber-uns\/\" title=\"\">Weiterlesen<\/a><\/p>\n","protected":false},"author":2,"featured_media":0,"parent":0,"menu_order":0,"comment_status":"closed","ping_status":"open","template":"","meta":[],"_links":{"self":[{"href":"https:\/\/protrampolines.com\/de\/wp-json\/wp\/v2\/pages\/59"}],"collection":[{"href":"https:\/\/protrampolines.com\/de\/wp-json\/wp\/v2\/pages"}],"about":[{"href":"https:\/\/protrampolines.com\/de\/wp-json\/wp\/v2\/types\/page"}],"author":[{"embeddable":true,"href":"https:\/\/protrampolines.com\/de\/wp-json\/wp\/v2\/users\/2"}],"replies":[{"embeddable":true,"href":"https:\/\/protrampolines.com\/de\/wp-json\/wp\/v2\/comments?post=59"}],"version-history":[{"count":2,"href":"https:\/\/protrampolines.com\/de\/wp-json\/wp\/v2\/pages\/59\/revisions"}],"predecessor-version":[{"id":282,"href":"https:\/\/protrampolines.com\/de\/wp-json\/wp\/v2\/pages\/59\/revisions\/282"}],"wp:attachment":[{"href":"https:\/\/protrampolines.com\/de\/wp-json\/wp\/v2\/media?parent=59"}],"curies":[{"name":"wp","href":"https:\/\/api.w.org\/{rel}","templated":true}]}}