{"id":54,"date":"2018-12-20T10:58:00","date_gmt":"2018-12-20T10:58:00","guid":{"rendered":"http:\/\/protrampolines.com\/de\/?page_id=54"},"modified":"2021-04-06T20:47:27","modified_gmt":"2021-04-06T18:47:27","slug":"rechteck-vs-runde-trampolin","status":"publish","type":"page","link":"https:\/\/protrampolines.com\/de\/rechteck-vs-runde-trampolin\/","title":{"rendered":"Rechteck vs. Runde Trampolin &#8211; Das Duell"},"content":{"rendered":"<h1>Rechteck vs. Runde Trampolin &#8211; Das Duell<\/h1>\n<p>Trampolin sind nicht nur reines Vergn\u00fcgen und Spa\u00df, das Geld kostet. Betrachten Sie es besser als Investition in die Zukunft. Es ist gro\u00dfartig f\u00fcr die Gesundheit, es ist gro\u00dfartig f\u00fcr den Spa\u00df, es ist sogar gro\u00dfartig zum Sonnenbaden. Denken Sie nur an alle M\u00f6glichkeiten, die es zu bieten hat.<\/p>\n<p>Wie Sie sehen werden, sind rechteckige Trampolin Gesamtsieger, wenn es um alles rund ums Springen geht, aber das bedeutet sicherlich nicht, dass Sie nicht einmal rundes <a title=\"Trampolin\" href=\"\/de\/\">Trampolin<\/a> als Ihre erste Wahl betrachten sollten! Lesen Sie weiter.<\/p>\n<h2>Wie w\u00e4hle ich aus &#8211; Was ist besser?<\/h2>\n<p>Es gibt ein paar M\u00f6glichkeiten, wie du es tun kannst. Zuerst entscheiden Sie, welche Form am besten zu Ihrem Garten passt, nehmen Sie Ma\u00dfband und \u00fcberpr\u00fcfen Sie, wobei Sie mindestens 3 Fu\u00df von jeder Gr\u00f6\u00dfe \u00fcbrig lassen. Sie w\u00fcrden nicht wollen, dass Ihr selbst riesiges Rechteck-Trampolin, packen Sie es aus und erkennen Sie, dass es nicht genug Platz gibt, um es unterzubringen. Einige Leute waren dort. Sei nicht einer von ihnen.<\/p>\n<p>Wenn Sie die Form eingegrenzt haben, dann \u00fcberlegen Sie, wer sie verwenden wird. Hast du einen Semi-Profi-Turner zu Hause? Dann ist die Wahl definitiv ein Rechteck. Oder kaufst du es f\u00fcr gelegentliche Sprungtermine und Spielzeit? Dann ist die Wahl wieder klar &#8211; runde Trampolin sind es.<\/p>\n<p>Aber gut, jetzt, da wir versucht haben, die ersten Schritte bei der Auswahl dessen zu erkl\u00e4ren, was Sie wirklich ben\u00f6tigen, lassen Sie uns tiefer in die Materie einsteigen und sehen, was wirklich die Hauptunterschiede zwischen rechteckigen und runden Trampolinen sind!<\/p>\n<p><a href=\"\/de\/wp-content\/uploads\/2018\/12\/trampolines-shapes-e1545302909444.jpg\"><img loading=\"lazy\" class=\"aligncenter size-full wp-image-55\" src=\"\/de\/wp-content\/uploads\/2018\/12\/trampolines-shapes-e1545302909444.jpg\" alt=\"Trampolin Gesamtsieger\" width=\"1200\" height=\"345\" \/><\/a><\/p>\n<h3>Rechteckig oder Rund Trampolin &#8211; LEISTUNG<\/h3>\n<p>Rechteckige Trampoline erm\u00f6glichen einen h\u00f6heren Sprung und absorbieren gleichzeitig mehr Landekraft. Auch in Bezug auf die Benutzerfreundlichkeit besteht der Hauptunterschied darin, dass rechteckige Trampoline Ihnen viel mehr Platz f\u00fcr Tricks geben, w\u00e4hrend runde Trampoline versuchen werden, Sie in das Zentrum des Trampolins zu leiten. Einfach gesagt, ist rechteckig eine Wahl, an die sich professionelle Anwender typischerweise halten.<\/p>\n<h3>Rechteck vs. Runde Trampolin &#8211; Gewichtsbeschr\u00e4nkungen<\/h3>\n<p>Die Gewichtsbegrenzung ist ebenfalls ein wichtiges Element, das zu ber\u00fccksichtigen ist. Wird es von \u00e4lteren Springern oder nur von Kindern benutzt? Wenn Kinder, wie viele von ihnen wirst du es erlauben? (Wir empfehlen immer nur einen Jumper auf einmal, da mehrere Jumper die Hauptursache f\u00fcr Unf\u00e4lle sind). Also, wenn Sie diese Antworten dann haben und nur dann k\u00f6nnen Sie ein Trampolin ausw\u00e4hlen, das diese Anforderungen erf\u00fcllt.<\/p>\n<p><a href=\"\/de\/rechteckige-trampoline\/\">Rechteckiges Trampolin<\/a> hat im Allgemeinen eine viel h\u00f6here Gewichtsgrenze als runde Gegenst\u00fccke, und es reicht von 115 &#8211; 250 kg auf rechteckigen und von 90 &#8211; 140 kg auf runden. Nat\u00fcrlich gibt es Modelle, die viel h\u00f6her erlauben, also gehen Sie definitiv und schauen Sie sich das an.<\/p>\n<h3>Rechteckiges oder Rundes Trampolin &#8211; VERWENDUNGEN<\/h3>\n<p>Runde Trampoline sind f\u00fcr den Heim- und Freizeitbereich und nicht f\u00fcr den professionellen Einsatz konzipiert. Sie sind leichter und kraftvoller als rechteckige Trampoline, die sich am besten f\u00fcr die st\u00e4ndig wachsenden Anforderungen von Gymnasiasten, Tauchern und Luftakrobaten eignen.<\/p>\n<h3>Rechteckig vs. Runde Trampoline &#8211; PREIS<\/h3>\n<p>Runde Trampoline haben oft einen niedrigeren Preis als rechteckige Gegenst\u00fccke, was auf die nat\u00fcrliche Festigkeit des runden Rahmens zur\u00fcckzuf\u00fchren ist, der weniger zus\u00e4tzliche Stahlst\u00fctzen ben\u00f6tigt als eine quadratische oder rechteckige Rahmenkonstruktion. Hersteller k\u00f6nnen relativ einfach und kosteng\u00fcnstig Rundtrampoline bauen, die dann an den Verbraucher weitergegeben werden. Aber nicht nur die zus\u00e4tzlichen Kosten f\u00fcr den Rahmen sind zu ber\u00fccksichtigen, sondern auch andere Faktoren, die neben dem Rahmen allein erw\u00e4hnenswert sind:<\/p>\n<p>&#8211; <strong>Gr\u00f6\u00dfe des Trampolins<\/strong> &#8211; gr\u00f6\u00dferes Trampolin bedeutet, dass mehr Materialien verwendet werden, von der Sprungmatte \u00fcber die Gr\u00f6\u00dfe der Kabine bis hin zum Gewicht, da die Versandkosten f\u00fcr Trampoline nicht gerade gering sind.<\/p>\n<p>&#8211; <strong>Qualit\u00e4t der Materialien<\/strong>: Die verwendeten Materialien des Trampolins beeinflussen den Preis. Das gilt insbesondere f\u00fcr Sprungmatten, bei denen einige Materialien, wie Permatron, den Gesamtpreis erheblich erh\u00f6hen.<\/p>\n<h3>Rechteckig vs. Rund Trampoline &#8211; SICHERHEIT<\/h3>\n<p>&#8222;The Children&#8217;s Hospital of Philadelphia, USA&#8220; legt nahe, dass Eltern das Risiko von Trampolinen sorgf\u00e4ltig abw\u00e4gen, bevor sie einen Kauf t\u00e4tigen. Wenn Sie sich entscheiden, dass ein Trampolin die richtige Wahl f\u00fcr Ihre Familie oder Kinder ist, empfiehlt das Krankenhaus, mit runden Designs zu bleiben, die einen weniger starken Sprung bieten als rechteckige Modelle. Die reduzierte Federgr\u00f6\u00dfe dieser Trampoline senkt die Verletzungsgefahr Ihrer Kinder. Dies ist eine allgemeine Empfehlung, wenn es um Kleinkinder und Kleinkinder geht, die immer noch nicht so geschickt Trampolin-H\u00fcpfer sind.<\/p>\n<p>&#8211; Niemals mehr als ein Kind auf einem Trampolin springen lassen. Mehrspringer machen viel Spa\u00df, sind aber auch eine der h\u00e4ufigsten Ursachen f\u00fcr Unf\u00e4lle.<\/p>\n<p>&#8211; Verwenden Sie immer eine Trampolinabtrennung.<\/p>\n<p>&#8211; F\u00fchren Sie immer eine vollst\u00e4ndige \u00dcberpr\u00fcfung der Trampolinintegrit\u00e4t durch. \u00dcberpr\u00fcfen Sie die Trampolinmatten, \u00fcberpr\u00fcfen Sie die Trampolinfedern und schlie\u00dflich den Trampolinrahmen auf m\u00f6gliche Risse. Wenn Sie eines der Ersatzteile ersetzen m\u00fcssen, ersetzen Sie es und nur die folgenden Teile<\/p>\n","protected":false},"excerpt":{"rendered":"<p>Rechteck vs. Runde Trampolin &#8211; Das Duell Trampolin sind nicht nur reines Vergn\u00fcgen und Spa\u00df, das Geld kostet. Betrachten Sie es besser als Investition in die Zukunft. Es ist gro\u00dfartig f\u00fcr die Gesundheit, es ist gro\u00dfartig f\u00fcr den Spa\u00df, es ist sogar gro\u00dfartig zum Sonnenbaden. Denken Sie nur an alle M\u00f6glichkeiten, die es zu bieten hat. Wie Sie sehen werden, sind rechteckige Trampolin Gesamtsieger, wenn es um alles rund ums Springen geht, aber das bedeutet <\/p>\n<p class=\"read-more-container\"><a class=\"button read-more\" href=\"https:\/\/protrampolines.com\/de\/rechteck-vs-runde-trampolin\/\" title=\"\">Weiterlesen<\/a><\/p>\n","protected":false},"author":2,"featured_media":248,"parent":0,"menu_order":0,"comment_status":"closed","ping_status":"closed","template":"","meta":[],"_links":{"self":[{"href":"https:\/\/protrampolines.com\/de\/wp-json\/wp\/v2\/pages\/54"}],"collection":[{"href":"https:\/\/protrampolines.com\/de\/wp-json\/wp\/v2\/pages"}],"about":[{"href":"https:\/\/protrampolines.com\/de\/wp-json\/wp\/v2\/types\/page"}],"author":[{"embeddable":true,"href":"https:\/\/protrampolines.com\/de\/wp-json\/wp\/v2\/users\/2"}],"replies":[{"embeddable":true,"href":"https:\/\/protrampolines.com\/de\/wp-json\/wp\/v2\/comments?post=54"}],"version-history":[{"count":5,"href":"https:\/\/protrampolines.com\/de\/wp-json\/wp\/v2\/pages\/54\/revisions"}],"predecessor-version":[{"id":249,"href":"https:\/\/protrampolines.com\/de\/wp-json\/wp\/v2\/pages\/54\/revisions\/249"}],"wp:featuredmedia":[{"embeddable":true,"href":"https:\/\/protrampolines.com\/de\/wp-json\/wp\/v2\/media\/248"}],"wp:attachment":[{"href":"https:\/\/protrampolines.com\/de\/wp-json\/wp\/v2\/media?parent=54"}],"curies":[{"name":"wp","href":"https:\/\/api.w.org\/{rel}","templated":true}]}}