{"id":45,"date":"2017-01-25T15:52:10","date_gmt":"2017-01-25T15:52:10","guid":{"rendered":"http:\/\/protrampolines.com\/de\/?page_id=45"},"modified":"2017-01-25T15:52:10","modified_gmt":"2017-01-25T15:52:10","slug":"trampolin-vorteile","status":"publish","type":"page","link":"https:\/\/protrampolines.com\/de\/trampolin-vorteile\/","title":{"rendered":"Trampolin Vorteile"},"content":{"rendered":"<p><strong>Viele Menschen k\u00f6nnen sich fragen, wenn Sie eine Person auf dem Trampolin sehen, was macht das Trampolin so spannend. Aber die Wahrheit ist, dass Trampoline ausgezeichnet f\u00fcr die k\u00f6rperliche Leistungsf\u00e4higkeit der Kinder und Erwachsene sind und sie beeinflussen andere Dinge wie Gleichgewicht und Ausdauer.<\/strong><\/p>\n<p>Trampoline werden regelm\u00e4\u00dfig von Skaters, T\u00e4nzer, Tauchern oder Gymnastiker verwendet, weil auf einem Trampolin zu springen mehr Anstrengung verlangt, als nur nach oben und unten zu springen. Man braucht Koordination, um eine konsistente H\u00f6he und ausgewogene Landungen zu erreichen, und auch die F\u00e4higkeit, komplexe Man\u00f6ver ohne Verletzungen durchzuf\u00fchren. Diese Athleten verbessern die f\u00fcr ihre eigenen Sportarten wichtigen F\u00e4higkeiten durch die Mechanik des Trampolins. Diese F\u00e4higkeiten umfassen Techniken wie Drehungen, Flips und Spreizspr\u00fcnge.<\/p>\n<p>\u00dcbungen auf dem Trampolin werden ihren\u00a0 K\u00f6rper, Geist und Seele in Einklang bringen Denken Sie nicht, dass es einfach ist, weil es ein Trampolin ist. Es macht nichts, ob Sie ein rechteckiges, rundes oder ein Minitrampolin verwenden und kleine, kontrollierte Bewegungen machen, die notwendig f\u00fcr ein richtiges Training sind \u2013 es ist ein Training, dass Sie schwitzen macht, wirklich schwitzen.<\/p>\n<p>Die Kinder, die ein Trampolin zu verwenden lernen, bekommen ein neues Freiheitsgef\u00fchl und die Begeisterung, durch die Luft zu fliegen. Ein paar Lektionen k\u00f6nnen ihnen ein Erfolgserlebnis und Selbstvertrauen erm\u00f6glichen, besonders wenn sie auch andere, schwerere Sportarten versucht haben und nicht erfolgreich waren.<\/p>\n<p>Die Erwachsene k\u00f6nnen entweder von gro\u00dfen Trampolinen oder von kleineren, sogenannten \u201erebounder\u201c oder \u201eMinitrampolinen\u201c profitieren, die f\u00fcr die Verwendung in\u00a0 Innenr\u00e4umen gedacht sind. Das leichte Trampolinspringen st\u00e4rkt die freiwilligen und unfreiwilligen Muskeln, und hilft auch Knochen st\u00e4rker und dichter zu werden und so zu bleiben. Das Beste ist, dass Sie es in ihrem eigenen Garten oder in der Privatsph\u00e4re Ihres Hauses machen k\u00f6nnen \u2013 wann Sie es wollen und f\u00fcr niedrige Kosten.<\/p>\n<p style=\"text-align: center;\"><strong><em>Wussten Sie, dass auf dem Trampolin zu \u00fcben, 69 % effizienter ist als Joggen? Nein? Nun, es ist. <\/em><\/strong><\/p>\n<p>Es ist wahrscheinlich die umfassendste \u00dcbung, die Sie w\u00e4hlen k\u00f6nnen \u2013 es ist sicher, einfach und jede Person kann es machen, unabh\u00e4ngig vom Alter.<\/p>\n<p>Auch <a href=\"http:\/\/www.nasa.gov\/audience\/foreducators\/k-4\/features\/F_Astronaut_Training_Timeline.html\">NASA<\/a> hat eine Forschung durchgef\u00fchrt, um die beste und umfassendste \u00dcbung f\u00fcr die Astronauten zu finden. Ihre Schlussfolgerung war:<\/p>\n<p style=\"text-align: center;\"><em><strong>Die effizienteste und effektivste \u00dcbung, die bis jetzt von den Menschen entwickelt wurde.<\/strong> <\/em><\/p>\n<hr \/>\n<h2>Vorteile der \u00dcbung auf dem Trampolin:<\/h2>\n<ul>\n<li>verbessert den Blutkreislau<\/li>\n<li>erh\u00f6ht die Lungenkapazit\u00e4t und Ihr Herz<\/li>\n<li>senkt den Cholesterinspiegel<\/li>\n<li>verbessert das Gleichgewicht<\/li>\n<li>verbessert die Koordination<\/li>\n<li>reduziert Stress und Anspannung<\/li>\n<li>verbessert den Muskeltonus<\/li>\n<li>erh\u00f6ht die Energie und Lebenskraft<\/li>\n<li>verst\u00e4rkt das Lymph- und Immunsystem<\/li>\n<li>passt sich ihrem Lebensstil an und verbessert ihre Laune<\/li>\n<li>verbrennt bis zu 1000 Kalorien per Stunde<\/li>\n<\/ul>\n<p>Das aerobe Training st\u00e4rkt das Herz und hat die gleichen Vorteile wie Jogging, mit weniger Stress auf die tragenden Gelenke. Die \u201eg-Kraft\u201c, oder Wirkungen der Schwerkraft beim Joggen, kann tats\u00e4chlich die Auswirkungen auf die F\u00fc\u00dfe erh\u00f6hen, auf einen Wert, der zu viermal Ihrem K\u00f6rpergewicht entspricht. Die Benutzung des Trampolins kann diesen Stress um 80 % reduzieren und es wird somit zu einer sicheren und effektiven Art des Trainings f\u00fcr Erwachsene und Menschen mit bestimmten k\u00f6rperlichen Herausforderungen.<\/p>\n<p><strong>Trampolintraining wird Sie schneller als alles andere in Form bringen. Nur bleiben Sie dabei, trainieren Sie und genie\u00dfen Sie es. Die Ergebnisse werden schnell sichtbar und Sie werden \u00fcberrascht sein, wie gut es ist. Falls die Kinder es benutzen empfehlen wir spa\u00dfige Trampolinspiele, die ihnen stundenlange unterhaltende Aktivit\u00e4ten erm\u00f6glichen. Und wenn Sie ein neues Trampolin brauchen, schauen Sie sich unsere Bewertungen der besten Trampoline f\u00fcr die Saison 2016 an.<\/strong><\/p>\n","protected":false},"excerpt":{"rendered":"<p>Viele Menschen k\u00f6nnen sich fragen, wenn Sie eine Person auf dem Trampolin sehen, was macht das Trampolin so spannend. Aber die Wahrheit ist, dass Trampoline ausgezeichnet f\u00fcr die k\u00f6rperliche Leistungsf\u00e4higkeit der Kinder und Erwachsene sind und sie beeinflussen andere Dinge wie Gleichgewicht und Ausdauer. Trampoline werden regelm\u00e4\u00dfig von Skaters, T\u00e4nzer, Tauchern oder Gymnastiker verwendet, weil auf einem Trampolin zu springen mehr Anstrengung verlangt, als nur nach oben und unten zu springen. Man braucht Koordination, um <\/p>\n<p class=\"read-more-container\"><a class=\"button read-more\" href=\"https:\/\/protrampolines.com\/de\/trampolin-vorteile\/\" title=\"\">Weiterlesen<\/a><\/p>\n","protected":false},"author":2,"featured_media":0,"parent":0,"menu_order":0,"comment_status":"closed","ping_status":"closed","template":"","meta":[],"_links":{"self":[{"href":"https:\/\/protrampolines.com\/de\/wp-json\/wp\/v2\/pages\/45"}],"collection":[{"href":"https:\/\/protrampolines.com\/de\/wp-json\/wp\/v2\/pages"}],"about":[{"href":"https:\/\/protrampolines.com\/de\/wp-json\/wp\/v2\/types\/page"}],"author":[{"embeddable":true,"href":"https:\/\/protrampolines.com\/de\/wp-json\/wp\/v2\/users\/2"}],"replies":[{"embeddable":true,"href":"https:\/\/protrampolines.com\/de\/wp-json\/wp\/v2\/comments?post=45"}],"version-history":[{"count":0,"href":"https:\/\/protrampolines.com\/de\/wp-json\/wp\/v2\/pages\/45\/revisions"}],"wp:attachment":[{"href":"https:\/\/protrampolines.com\/de\/wp-json\/wp\/v2\/media?parent=45"}],"curies":[{"name":"wp","href":"https:\/\/api.w.org\/{rel}","templated":true}]}}