{"id":39,"date":"2017-01-25T15:43:37","date_gmt":"2017-01-25T15:43:37","guid":{"rendered":"http:\/\/protrampolines.com\/de\/?page_id=39"},"modified":"2021-03-30T12:59:42","modified_gmt":"2021-03-30T10:59:42","slug":"trampolin-sicherheitstipps","status":"publish","type":"page","link":"https:\/\/protrampolines.com\/de\/trampolin-sicherheitstipps\/","title":{"rendered":"Trampolin Sicherheitstipps"},"content":{"rendered":"<p><strong>Trampoline sind eines der besten Dinge, die Sie haben k\u00f6nnen, sowohl f\u00fcr Kinder als auch f\u00fcr Erwachsene. Sie sind eine gute \u00dcbungsform, sie helfen mit Balance, bauen die Muskeln auf, und sie verbessern die Gesundheit des Herzes. Es macht viel Spa\u00df und die Kinder lieben es, seit ihrer Geburt zu Springen, was bedeutet, dass Sie Ihre Kinder nicht darum zwingen m\u00fcssen, aufzustehen und drau\u00dfen zu gehen.<\/strong><\/p>\n<p>Viele Eltern f\u00fcrchten sich vor der Benutzung des Trampolins, weil es viele schreckliche Geschichten gibt \u00fcber Kinder, die gefallen sind und ihre Arme und Beine gebrochen haben. Sie sollten sich vor Trampolinen nicht f\u00fcrchten, weil Ihre Kinder sicher und fr\u00f6hlich den ganzen Tag springen k\u00f6nnen. Alles, was Sie tun m\u00fcssen, ist, \u00a0einem Paar einfachem Trampolin Sicherheitstipps zu folgen und dann kann jeder viel Spa\u00df haben, auch Sie.<\/p>\n<p>Die Kinder sind besonders verwundbar, aber das bedeutet nicht, dass Ihre Kinder das Springen nicht genie\u00dfen k\u00f6nnen, da es Ma\u00dfnahmen gibt, die Sie nehmen k\u00f6nnen. Im Allgemeinen, je j\u00fcnger das Kind, desto sorgf\u00e4ltiger muss man sein. Die meisten Verletzungen treten bei Kindern unter 6 Jahren auf. Die meisten Kinder\u00e4rzte empfehlen, dass Kinder j\u00fcnger als 6 auf dem Trampolin nicht springen.<\/p>\n<p>Verschiedene Prellungen, Verstauchungen und Knochenbr\u00fcche sind prim\u00e4re Risiken von Trampolinspr\u00fcngen. Nat\u00fcrlich, wenn Sie richtig und sorgf\u00e4ltig springen, kann fast sicher nichts Schlechtes passieren. Wenn aber die Kinder auf dem Trampolin springen ist es ratsam, in Schutzausr\u00fcstung zu investieren.<\/p>\n<ul>\n<li><strong>Trampolin an einem sicheren Ort aufstellen<\/strong><\/li>\n<\/ul>\n<p>Die meisten Kinder werden versuchen, so hoch wie m\u00f6glich auf einem Trampolin zu springen. Viele Kinder, besonders wenn sie zusammen spielen, k\u00f6nnen sich ein bisschen rau benehmen. Das kann besonders passieren, wenn sie erkennen, dass sie verschiedene Tricks machen k\u00f6nnen und dann versuchen sie einander zu \u00fcbertreffen. Diese Spiele sind lustig, aber es besteht die M\u00f6glichkeit, dass jemand sich verletzt, vor allem, wenn ein Trick schief geht und sie fallen. Es w\u00e4re am besten, einen sicheren Bereich aufzustellen, um schwere Verletzungen zu vermeiden. Der Boden sollte eben sein und mindestens 10 Fu\u00dfe (3 Meter) von anderen Objekten entfernt sein, wie z.B. B\u00e4umen, Z\u00e4unen, W\u00e4nden, Schwimmb\u00e4dern und \u00e4hnlichem.<\/p>\n<ul>\n<li><strong>Setzen Sie es auf weicherem Boden<\/strong><\/li>\n<\/ul>\n<p>Neben dem ebenen Boden, w\u00e4re es gut, dass Sie ein Trampolin auf Sand oder Grass stellen. Wenn Sie das Trampolin auf einer solchen Oberfl\u00e4che errichten, sorgen sie daf\u00fcr, dass Ihr Kind\u00a0 auf eine weiche Oberfl\u00e4che landet, falls es f\u00e4llt. Wir empfehlen Ihnen, Ihr Trampolin mit wind stakes oder einem Ankersystem am Boden zu befestigen. Sie sollten auch sicherstellen, dass es unter der Matte keine Objekte gibt, die Verletzungen beim Landen verursachen k\u00f6nnten. Wenn es gr\u00f6\u00dfer als ein Paar Schuhe ist, halten Sie es weg von dem Trampolin. Die Sprungmatte ist kein Speicherbereich.<\/p>\n<ul>\n<li><strong>\u00dcberpr\u00fcfen Sie Ihr Trampolin oft <\/strong><\/li>\n<\/ul>\n<p>Die meisten Trampoline, die heute erh\u00e4ltlich sind, haben ein Sicherheitspad, das die Federn und alle Beilagen deckt. Das ist toll, weil es verhindert, dass die Kinder auf den Federn fallen und sich verletzen. Die Beilagen verhindern, dass die Kinder auf den Boden fallen, was in der Vergangenheit der Hauptgrund der Verletzungen bei den Kindern war.<\/p>\n<p>Sie sollten das Pad oft \u00fcberpr\u00fcfen, um sicherzustellen, dass es noch immer Rahmen, Federn und Haken hat. Wenn Sie das Pad \u00fcberpr\u00fcfen, sollten Sie auch die Federn \u00fcberpr\u00fcfen, um festzustellen, dass alles fest und angebaut ist, besonders wenn Sie \u00e4ltere Trampoline haben.<\/p>\n<ul>\n<li><strong>Belehren Sie Kinder, sicher zu springen<\/strong><\/li>\n<\/ul>\n<p>Bevor Ihre Kinder auf dem Trampolin springen, sollten Sie \u00fcberpr\u00fcfen, ob sie in ihren Taschen irgendwelche scharfe Gegenst\u00e4nde haben. Sie sollen auf dem Trampolin keinen Schmuck tragen, keine Taschenmesser oder Bleistifte mitnehmen, oder irgendetwas anderes, das sie verletzen kann, im Falle, im Falle einer falschen Landung. Nebenbei sollten Sie Anf\u00e4nger zu keinen Hochspr\u00fcngen ermutigen, bis sie eine gute Balance auf dem Trampolin erreichen. Sie sollen auch sofort eine Pause machen, wenn sie m\u00fcde sind. Ein Springer, der kein Gleichgewicht hat, wird wahrscheinlich falsch landen. Neue und m\u00fcde Springer sind sehr gef\u00e4hrlich.<\/p>\n<ul>\n<li><strong>Kontrollieren Sie wie viele Springer auf einmal springen<\/strong><\/li>\n<\/ul>\n<p>Es wird empfohlen, dass nur ein Springen auf dem Trampolin auf einmal springt. Viele Kinder genie\u00dfen es jedoch, wenn die ganze Gruppe springt, weil es viele Spiele gibt, die sie spielen k\u00f6nnen. Als Eltern m\u00fcssen Sie sicherstellen, dass Sie die Zahl der Springer auf dem Trampolin kontrollieren. Sie m\u00fcssen nicht die Regel befolgen, dass nur eine Person auf einmal springen kann, aber Sie m\u00fcssen verstehen, dass, je mehr Menschen auf einmal springen, desto mehr Verletzungen auftreten k\u00f6nnen.<\/p>\n<p>Wir empfehlen, dass sie ein rechteckiges Trampolin kaufen, wenn mehr als 2 Kinder auf einmal springen werden. Sie sollten auch bedenken, dass ein gr\u00f6\u00dferes Kind nicht mit einem kleineren Kind springen soll. Sie sollen alle ungef\u00e4hr gleich gro\u00df und alt sein.<\/p>\n<ul>\n<li><strong>Tragen Sie die richtige Kleidung<\/strong><\/li>\n<\/ul>\n<p>Man soll keine Kleidung mit Schnurren beim Springen auf dem Trampolin tragen, weil es eine M\u00f6glichkeit gibt, dass man in anderen Gegenst\u00e4nden, wie Federn oder Sicherheitsnetz, hakt. Dies kann Verletzungen verursachen. Nebenbei soll Ihr Kind ohne Schuhe springen, besonders wenn es mit anderen Kindern springt. Es kann passieren, dass ein Kind auf der Hand oder dem Fu\u00df des anderen Kindes landet. Auch wenn sie allein springen, sollen Kinder niemals Schuhe mit Abs\u00e4tzen tragen.<\/p>\n<ul>\n<li><strong>Verwenden Sie die Leiter<\/strong><\/li>\n<\/ul>\n<p>Die meisten Trampoline haben irgendwelche Leitern, sodass Kinder und Erwachsene leichter auf das Trampolin klettern. Die Trampolinma<a href=\"http:\/\/trampolinereviewguide.com\/how-to-measure-and-replace-your-trampoline-mat\/\">t<\/a>ten sind normalerweise 3 Fu\u00dfe (1 Meter) \u00fcber dem Boden. Stellen Sie sicher, dass Ihr Kind versteht, dass Springen oder Klettern ohne die Leiter verschiedene Verstauchungen, gebrochene Glieder oder andere Verletzungen verursachen kann.<\/p>\n<ul>\n<li><strong>Pr\u00fcfen Sie, ob es trocken ist<\/strong><\/li>\n<\/ul>\n<p>Man soll Spa\u00df auf dem Trampolin drau\u00dfen haben. Drau\u00dfen sein bedeutet, dass der Tau erscheinen kann, der Schnee oder Regen das Trampolin durchn\u00e4ssen kann. Der Nachteil ist, dass ein nasses Trampolin sehr glatt ist. Ermutigen Sie Ihr Kind, dass es auf dem nassen Trampolin nicht springt, sondern, dass es wartet, bis die Sonne die Matte abtrocknet. Andernfalls k\u00f6nnen sie rutschen, ihre Balance verlieren und fallen.<\/p>\n<p>Ein weiterer Nachteil ist, dass das Wetter die Trampolinmatte im Laufe der Zeit verd\u00fcnnt. Sie sollen immer \u00fcberpr\u00fcfen, ob die Matte noch gut ist, und wenn Sie irgendwelche Probleme bemerken, sollen Sie es mit einer neuen Matte ersetzen.<\/p>\n<ul>\n<li><strong>Stellen Sie sicher, dass Ihr Kind stabil genug ist<\/strong><\/li>\n<\/ul>\n<p>Es ist zu empfehlen, dass Ihr Kind mindestens 6 Jahre alt ist, bevor es auf dem Trampolin springt. Der Grund daf\u00fcr ist, dass sie nicht die ad\u00e4quate Balance haben, um sicher zu springen. Ein gro\u00dfes Trampolin ist so konstruiert, dass es auch zus\u00e4tzliche Sprungkraft erm\u00f6glicht. Wenn Sie ein Kind unter 6 Jahre haben, denken Sie \u00fcber ein Kindertrampolin nach.<\/p>\n<p>Wenn Sicherheit Ihre gr\u00f6\u00dfte Sorge ist, und wenn Sie es sich leisten k\u00f6nnen, empfehlen wir, dass Sie ein Springfree Trampolin kaufen. Diese wurden getestet und gelten als die sichersten Trampoline.<\/p>\n","protected":false},"excerpt":{"rendered":"<p>Trampoline sind eines der besten Dinge, die Sie haben k\u00f6nnen, sowohl f\u00fcr Kinder als auch f\u00fcr Erwachsene. Sie sind eine gute \u00dcbungsform, sie helfen mit Balance, bauen die Muskeln auf, und sie verbessern die Gesundheit des Herzes. Es macht viel Spa\u00df und die Kinder lieben es, seit ihrer Geburt zu Springen, was bedeutet, dass Sie Ihre Kinder nicht darum zwingen m\u00fcssen, aufzustehen und drau\u00dfen zu gehen. Viele Eltern f\u00fcrchten sich vor der Benutzung des Trampolins, <\/p>\n<p class=\"read-more-container\"><a class=\"button read-more\" href=\"https:\/\/protrampolines.com\/de\/trampolin-sicherheitstipps\/\" title=\"\">Weiterlesen<\/a><\/p>\n","protected":false},"author":2,"featured_media":204,"parent":0,"menu_order":0,"comment_status":"closed","ping_status":"closed","template":"","meta":[],"_links":{"self":[{"href":"https:\/\/protrampolines.com\/de\/wp-json\/wp\/v2\/pages\/39"}],"collection":[{"href":"https:\/\/protrampolines.com\/de\/wp-json\/wp\/v2\/pages"}],"about":[{"href":"https:\/\/protrampolines.com\/de\/wp-json\/wp\/v2\/types\/page"}],"author":[{"embeddable":true,"href":"https:\/\/protrampolines.com\/de\/wp-json\/wp\/v2\/users\/2"}],"replies":[{"embeddable":true,"href":"https:\/\/protrampolines.com\/de\/wp-json\/wp\/v2\/comments?post=39"}],"version-history":[{"count":1,"href":"https:\/\/protrampolines.com\/de\/wp-json\/wp\/v2\/pages\/39\/revisions"}],"predecessor-version":[{"id":205,"href":"https:\/\/protrampolines.com\/de\/wp-json\/wp\/v2\/pages\/39\/revisions\/205"}],"wp:featuredmedia":[{"embeddable":true,"href":"https:\/\/protrampolines.com\/de\/wp-json\/wp\/v2\/media\/204"}],"wp:attachment":[{"href":"https:\/\/protrampolines.com\/de\/wp-json\/wp\/v2\/media?parent=39"}],"curies":[{"name":"wp","href":"https:\/\/api.w.org\/{rel}","templated":true}]}}