{"id":29,"date":"2016-09-04T14:18:59","date_gmt":"2016-09-04T14:18:59","guid":{"rendered":"http:\/\/protrampolines.com\/de\/?page_id=29"},"modified":"2016-09-04T14:18:59","modified_gmt":"2016-09-04T14:18:59","slug":"top-sieben-grunde-fur-den-trampolinkauf","status":"publish","type":"page","link":"https:\/\/protrampolines.com\/de\/top-sieben-grunde-fur-den-trampolinkauf\/","title":{"rendered":"Top Sieben Gr\u00fcnde f\u00fcr den Trampolinkauf"},"content":{"rendered":"<p><a href=\"https:\/\/protrampolines.com\/de\/wp-content\/uploads\/2016\/09\/Top-Sieben-Grunde-fur-den-Trampolinkauf.jpg\"><img loading=\"lazy\" class=\"aligncenter size-full wp-image-33\" src=\"https:\/\/protrampolines.com\/de\/wp-content\/uploads\/2016\/09\/Top-Sieben-Grunde-fur-den-Trampolinkauf.jpg\" alt=\"Top Sieben Gr\u00fcnde f\u00fcr den Trampolinkauf\" width=\"960\" height=\"382\" \/><\/a><\/p>\n<p><strong>Trampoline sind toll f\u00fcr jeden Garten. Sie machen viel Spa\u00df, sind gut f\u00fcr das Training und die Kinder lieben sie. Wenn Sie noch zwischen zwei St\u00fchlen sitzen, \u00fcberpr\u00fcfen Sie diese Gr\u00fcnde, warum ein Trampolin ein Must-Have f\u00fcr Ihr Haus ist!<\/strong><\/p>\n<h2>Top 7<\/h2>\n<h3>1. Es macht viel Spa\u00df<\/h3>\n<p>Seien wir ehrlich, Kinder langweilen sich st\u00e4ndig. Sie verlangen von Ihnen st\u00e4ndig neue Spielzeuge, die ihnen sehr schnell langweilig werden. Dann f\u00e4ngt alles wieder von vorne an \u2013 das verursacht viel Stress f\u00fcr Kinder und Eltern. Nun, Trampoline sind etwas Anderes. Obwohl sie teurer als andere Spielzeuge sind (es macht Sinn, wenn sie die Menge des Materials ber\u00fccksichtigen), der Kauf wird sich langfristig lohnen. Au\u00dferdem werden Ihre Kinder immer neue Wege finden, um mit dem Trampolin zu spielen. Springen macht viel Spa\u00df, weil sich die meisten Kinder nicht so oft mit dieser Aktivit\u00e4t besch\u00e4ftigen. Aus diesem Grund ist Trampolin f\u00fcr sie etwas Neues. Allerdings, es bleibt interessant \u2013 es gibt zahlreiche M\u00f6glichkeiten, um auf dem Trampolin zu springen und zu spielen. Vergleichen Sie es mit anderen vorverpackten Spielzeugen, mit denen Kinder nicht viel machen k\u00f6nnen, au\u00dfer z.B. Lego. Es ist kein Wunder, dass sie sich immer langweilen.<\/p>\n<h3>2. Es gibt viel k\u00f6rperliche Aktivit\u00e4t<\/h3>\n<p>Die Fettleibigkeit bei Kindern wird immer gr\u00f6\u00dfer. Die Nahrung hat im Laufe der Zeit geringere Qualit\u00e4t gezeigt und das Mittagessen in der Kantine hilft den Kindern nicht, fit zu bleiben. Auch die zuckerhaltigen Getr\u00e4nke verursachen verschiedene Probleme. Man betont, dass eine richtige Ern\u00e4hrung die leichteste Art ist, um einen gesunden BMI und das K\u00f6rpergewicht zu halten, aber k\u00f6rperliche Aktivit\u00e4t ist auch sehr hilfreich. Trampoline sind besonders hilfreich, weil sie eine gute Art des langlaufenden Trainings f\u00fcr Kinder sind. Sie machen auch viel Spa\u00df dabei. Sie werden trainieren, ohne es zu wissen! Au\u00dferdem ist das Trampolinspringen eine sehr effiziente und ausgezeichnete Quelle von aerober Aktivit\u00e4t, noch mehr als Joggen. Das Trampolinspringen wird ihnen helfen, die \u00fcbersch\u00fcssige Energie und Kalorien zu verbrennen. Nebenbei hat es viele andere gesundheitliche Vorteile.<\/p>\n<h3>3. Es ist f\u00fcr alle gesund<\/h3>\n<p>Die Belastung der Muskeln beim Springen ist nicht so gro\u00df wie beim Laufen. Dasselbe gilt f\u00fcr Kinder \u2013 ihre Muskeln, Knochen und Gelenke sind sehr zerbrechlich und deshalb muss man mit ihnen noch vorsichtiger sein. Kinder werden auch feststellen, dass sie ihre motorischen F\u00e4higkeiten entwickeln, wenn sie regelm\u00e4\u00dfig auf dem Trampolin springen, insbesondere ihren Gleichgewichtssinn und Reflexe. Es ist sehr wichtig, dass sich die Kinder in ihrer Haut wohlf\u00fchlen, besonders wenn sie \u00e4lter werden. Das erh\u00f6hte K\u00f6rperbewusstsein ist daher notwendig.<\/p>\n<h3>4. Es wird sie beruhigen<\/h3>\n<p>Es kann anstrengend sein, wenn Ihre Kinder viel Energie haben und Sie mit Ihnen nicht mithalten k\u00f6nnen. Sie haben oft viele allt\u00e4gliche Probleme und einfach keine Energie alles zu machen, was Ihr Kind auffordert. F\u00fchlen Sie sich nicht schlecht, da die meisten Eltern auch dieselben Probleme haben. Das ist einfach so. Was Sie machen k\u00f6nnen ist, dass Sie ihnen helfen, diese \u00fcbersch\u00fcssige Energie zu verbrennen. Sie werden springen, trainieren und danach wie ein Murmeltier schlafen. Diese Aktivit\u00e4t ist viel ges\u00fcnder als stundenlanger Fernsehkonsum, der ihnen verunm\u00f6glicht, rechtzeitig schlafen zu gehen \u2013 ein Problem, das viele Eltern haben.<\/p>\n<h3>5. Es ist auch gut f\u00fcr Ihre Nerven<\/h3>\n<p>Stellen Sie sich das folgende vor \u2013 Ihr Kind m\u00f6chte, dass Sie mit ihm im Garten spielen. Gut. Die Eltern sollen Zeit mit Ihren Kindern verbringen, aber es wird F\u00e4lle geben, wenn Sie keine Energie haben, um mit ihnen zu spielen. Dann k\u00f6nnen Sie ihnen sagen, dass sie auf dem Trampolin springen w\u00e4hrend Sie im Garten sitzen, Kaffee oder Tee trinken und betrachten, wie Ihre Kinder Spa\u00df haben. Ihre Kinder sollen niemals ohne \u00dcberwachung springen. Es ist ratsam, sicher zu bleiben.<\/p>\n<h3>6. Es ist nicht nur f\u00fcr Ihre Kinder<\/h3>\n<p>Wenn Ihre Kinder springen k\u00f6nnen und sich dabei wunderbar f\u00fchlen, warum sollten sie nicht dasselbe machen? Sie k\u00f6nnen ein gr\u00f6\u00dferes Trampolin kaufen, das auch Sie verwenden k\u00f6nnen, um Stress zu reduzieren und von gesundheitlichen Vorteilen zu profitieren! Sie k\u00f6nnen sich nicht irren, wenn Sie ein g\u00fctem\u00e4\u00dfiges Trampolin haben. In F\u00e4llen, in denen man keine Lust f\u00fcr Joggen hat, aber Trainieren muss, ist ein Trampolin notwendig. Versuchen Sie es \u2013 Sie werden f\u00fcr den Rat dankbar sein!<\/p>\n<h3>7. Es ist eine tolle Gruppenaktivit\u00e4t<\/h3>\n<p>Wenn Sie ein gro\u00dfes Trampolin kaufen, auf einem Trampolin zu springen kann eine tolle Bindungsaktivit\u00e4t f\u00fcr die ganze Familie sein. Eine Alternative dazu ist, dass Ihr Kind jemanden einladen kann, sodass sie spielen k\u00f6nnen. Die M\u00f6glichkeiten sind endlos. Es gibt zahlreiche Spiele, die Sie mit Ihren Kindern oder die sie mit Freunden spielen k\u00f6nnen. Diese spa\u00dfige Aktivit\u00e4t kann auch eine ausgezeichnete soziale Aktivit\u00e4t werden. Ihre Kinder k\u00f6nnen neue Freunde finden und Sie werden das \u201ecoole\u201c Elternteil mit einem Trampolin. Das Trampolin erm\u00f6glicht Ihnen, sich mit anderen Eltern zu verbinden. Auf dem Trampolin springen hat etwas, was anderen Spielen fehlt \u2013 es ist toll f\u00fcr Ihren K\u00f6rper, Ihre Vernunft und Ihre Seele! Gibt&#8217;s was, was man nicht m\u00f6gen konnte?<\/p>\n<hr \/>\n<p>&nbsp;<\/p>\n<p><strong>Jetzt, wenn wir Sie \u00fcberzeugt haben, ein Trampolin zu kaufen und zu erfahren, worum geht es, empfehlen wir Ihnen unsere riesige Datenbank von Bewertungen und Nachrichten, die Ihnen helfen kann, das perfekte Trampolin auszusuchen! Wir wissen, dass die Trampoline eine gro\u00dfe Investition sind und sie haben das Recht, sich zu informieren \u2013 schlie\u00dflich, wenn sie ein g\u00fctem\u00e4\u00dfiges Trampolin kaufen, wird es jahrelang dauern! Schauen Sie sich unsere Auswahl der besten Trampoline f\u00fcr die Saison oder f\u00fcr die besten Kindertrampoline an!<\/strong><\/p>\n","protected":false},"excerpt":{"rendered":"<p>Trampoline sind toll f\u00fcr jeden Garten. Sie machen viel Spa\u00df, sind gut f\u00fcr das Training und die Kinder lieben sie. Wenn Sie noch zwischen zwei St\u00fchlen sitzen, \u00fcberpr\u00fcfen Sie diese Gr\u00fcnde, warum ein Trampolin ein Must-Have f\u00fcr Ihr Haus ist! Top 7 1. Es macht viel Spa\u00df Seien wir ehrlich, Kinder langweilen sich st\u00e4ndig. Sie verlangen von Ihnen st\u00e4ndig neue Spielzeuge, die ihnen sehr schnell langweilig werden. Dann f\u00e4ngt alles wieder von vorne an \u2013 <\/p>\n<p class=\"read-more-container\"><a class=\"button read-more\" href=\"https:\/\/protrampolines.com\/de\/top-sieben-grunde-fur-den-trampolinkauf\/\" title=\"\">Weiterlesen<\/a><\/p>\n","protected":false},"author":2,"featured_media":33,"parent":0,"menu_order":0,"comment_status":"closed","ping_status":"closed","template":"","meta":[],"_links":{"self":[{"href":"https:\/\/protrampolines.com\/de\/wp-json\/wp\/v2\/pages\/29"}],"collection":[{"href":"https:\/\/protrampolines.com\/de\/wp-json\/wp\/v2\/pages"}],"about":[{"href":"https:\/\/protrampolines.com\/de\/wp-json\/wp\/v2\/types\/page"}],"author":[{"embeddable":true,"href":"https:\/\/protrampolines.com\/de\/wp-json\/wp\/v2\/users\/2"}],"replies":[{"embeddable":true,"href":"https:\/\/protrampolines.com\/de\/wp-json\/wp\/v2\/comments?post=29"}],"version-history":[{"count":0,"href":"https:\/\/protrampolines.com\/de\/wp-json\/wp\/v2\/pages\/29\/revisions"}],"wp:featuredmedia":[{"embeddable":true,"href":"https:\/\/protrampolines.com\/de\/wp-json\/"}],"wp:attachment":[{"href":"https:\/\/protrampolines.com\/de\/wp-json\/wp\/v2\/media?parent=29"}],"curies":[{"name":"wp","href":"https:\/\/api.w.org\/{rel}","templated":true}]}}