{"id":16,"date":"2016-07-18T06:50:42","date_gmt":"2016-07-18T06:50:42","guid":{"rendered":"http:\/\/protrampolines.com\/de\/?page_id=16"},"modified":"2016-07-18T06:50:42","modified_gmt":"2016-07-18T06:50:42","slug":"haufig-gestellte-fragen","status":"publish","type":"page","link":"https:\/\/protrampolines.com\/de\/haufig-gestellte-fragen\/","title":{"rendered":"H\u00e4ufig gestellte Fragen"},"content":{"rendered":"<h2><strong>H\u00e4ufig gestellte Fragen \u2013 Sie fragen, wir antworten!<\/strong><\/h2>\n<p>Die Gr\u00f6\u00dfe des Trampolins zu w\u00e4hlen, die zu Ihrem Bedarf am besten passt, kann eine schwierige Aufgabe sein. Es liegt in der menschlichen Natur, dass man das m\u00f6glichst gr\u00f6\u00dfte Trampolin auf dem Markt kaufen m\u00f6chte. Aber ist das wirklich notwendig? Na ja, nicht wirklich, weil dies in den meisten F\u00e4llen total unn\u00f6tig ist.<\/p>\n<p>&nbsp;<\/p>\n<h3><strong>Muss ich Erfahrung mit Gymnastik haben?<\/strong><\/h3>\n<p>Nein, jeder kann auf Trampolin springen, weil keine Vorkenntnis erforderlich ist. Nur stellen Sie sicher, dass Sie entsprechend Ihren F\u00e4higkeiten springen. Erwarten Sie nicht, dass Flips leicht sind und dass Sie sie sofort machen sollen. Am Anfang muss gew\u00f6hnliches Springen gen\u00fcgen.<\/p>\n<p>&nbsp;<\/p>\n<h3><strong>Gibt es eine Altersgrenze?<\/strong><\/h3>\n<p>In der Regel ist 6 Jahre eine Altersgrenze f\u00fcr die Gartentrampoline, die gr\u00f6\u00dfer als 10 ft ist. F\u00fcr j\u00fcngere Kinder empfehlen wir Trampoline, die speziell f\u00fcr sie entworfen ist. Denken Sie daran, dass diese Trampoline normalerweise klein sind und k\u00f6nnen das ganze Jahr in Innenr\u00e4umen gebraucht werden.<\/p>\n<p>Die besten Kindertrampoline hier<\/p>\n<p>&nbsp;<\/p>\n<h3><strong>Welche Gr\u00f6\u00dfe soll ich w\u00e4hlen?<\/strong><\/h3>\n<p>Wenn Sie die Trampolingr\u00f6\u00dfe w\u00e4hlen, beachten Sie folgendes:<\/p>\n<ul>\n<li><strong>Wer wird es verwenden?<\/strong> Wie Sie vielleicht vermuten, es hat keinen Sinn, ein 14-ft oder gr\u00f6\u00dferes Trampolin zu kaufen, wenn der einzige Springer ein kleines Kind sein wird. In diesem Fall ist es besser, ein 8-ft oder 10-ft-Trampolin zu kaufen. Ein 12-ft-Trampolin soll man kaufen, wenn es f\u00fcr \u00e4ltere Kinder oder Teenagers gedacht (oder von ihnen verwendet wird) ist und ein 14 ft-Trampolin, wenn es nur f\u00fcr Teenagers oder die ganze Familie gedacht ist. Versuchen Sie immer, dass die Trampolingr\u00f6\u00dfe dem Kinderalter und ihre F\u00e4higkeiten entspricht. Ein weiterer Aspekt ist Ihre Gartengr\u00f6\u00dfe. Nehmen Sie diese Tatsachen in Anspruch und Sie werden die perfekte Trampolingr\u00f6\u00dfe finden, die Ihrem Bedarf entsprechen.<\/li>\n<li><strong>Wird es in Ihrem Garten passen?<\/strong> Wir m\u00f6chten immer das beste und gr\u00f6\u00dfte Trampolin, aber es gab F\u00e4lle, in denen die Leute verga\u00dfen, dass Ihr Garten f\u00fcr das bestellte Trampolin nicht gro\u00df genug ist. Wahrscheinlich passiert das, wenn die Leute das Trampolin online bestellen, ohne die wirkliche Trampolingr\u00f6\u00dfe zu sehen.<\/li>\n<\/ul>\n<p>&nbsp;<\/p>\n<h3><strong>Welche Formen gibt es und wann soll man sie verwenden?<\/strong><\/h3>\n<p>Trampoline kommen in verschiedenen Variationen und jede hat ihren eigenen Zweck. Es gibt f\u00fcnf Haupttypen: rund, rechteckig, oval und quadratisch (quadratische Trampoline sind als eine Zwischenform von runden und rechteckigen Trampolinen eingef\u00fchrt und sie haben die besten Eigenschaften von diesen Formen), und auch manche zus\u00e4tzliche Modelle, wie achteckige Trampoline. Es gibt noch eine Kategorie, die die immer mehr popul\u00e4reren Minitrampoline enth\u00e4lt. Schauen Sie hier f\u00fcr die besten Minitrampoline.<\/p>\n<p>&nbsp;<\/p>\n<h3><strong>Gibt es wirklich einen Unterschied, wenn man auf verschiedene Formen springt?<\/strong><\/h3>\n<p>Diese Antwort ist ziemlich einfach \u2013 JA.<\/p>\n<p>Wenn Sie die beste Erfahrung beim Springen haben wollen, dann sollen Sie nur rechteckige, ovale und federlose Trampoline ber\u00fccksichtigen. Der Unterschied liegt darin, dass die rechteckigen Trampoline besser in Absprungh\u00f6he sind, aber sie sind nicht so sicher wie federlose und runde Trampoline. Sie sollen es w\u00e4hlen, je nachdem, wof\u00fcr Sie es verwenden werden \u2013 Erholung oder Training. Die federlosen Trampoline sind die erste Wahl, wenn sie f\u00fcr die Erholung dienen. Wenn Sie eins f\u00fcr das Training brauchen, w\u00e4hlen Sie die rechteckigen Trampoline, weil die runden Trampoline nicht genug Raum f\u00fcr Tricks haben (aber sie sind sicherer, weil die Springer immer in die Mitte der Trampolinmatte geleitet werden). Die rechteckigen Trampoline erm\u00f6glichen Ihnen die beste Leistung und haben viel Platz (aber sie sind weniger sicher, weil die Springer allein entscheiden, wo sie auf der Matte landen werden. Mit ovalen Trampolinen haben sie genug Platz f\u00fcr Tricks und sie sind auch sicher, weil sie \u00e4hnlich wie runde Trampoline entworfen sind, und deshalb sind die Springer in die Mitte der Trampolinmatte geleitet.<\/p>\n<p>&nbsp;<\/p>\n<h3><strong>Haben alle Trampoline die gleiche Gewichtsgrenze?<\/strong><\/h3>\n<p>Nat\u00fcrlich nicht. Die Gewichtsgrenze ist unterschiedlich f\u00fcr alle Trampoline, anhand verschiedener Elemente, aus denen die Trampoline gemacht sind. Rahmenst\u00e4rke, Federn, Qualit\u00e4t der Matte, Anzahl der Stiche und die allgemeine Qualit\u00e4t dieser Teile haben den gro\u00dfen Einfluss auf die maximale Gewichtsgrenze der Springer.<\/p>\n<p><strong>Einige allgemeine Spezifikationen:<\/strong><\/p>\n<ul>\n<li><strong>Gewichtsgrenze:<\/strong><\/li>\n<\/ul>\n<p><strong>Form \u2013 RUND<\/strong><\/p>\n<ul>\n<li><strong>8 ft \u2013 10 ft-Trampoline <\/strong>\u2013 von 200 bis 250 lbs (90 &#8211; 115kg)<\/li>\n<li><strong>12 ft-Trampoline<\/strong> \u2013 von 250 bis 300 lbs (115 &#8211; 135 kg)<\/li>\n<li><strong>14 ft \u2013 16 ft-Trampoline<\/strong> \u2013 von 250 bis 400 lbs (135 &#8211; 180kg)<\/li>\n<\/ul>\n<p><strong>Form \u2013 RECHTECKIG<\/strong><\/p>\n<ul>\n<li><strong>alle Trampoline<\/strong> \u2013 von 200 bis 450 Ibs (90 &#8211; 200 kg)<\/li>\n<\/ul>\n<p><strong>Form \u2013 OVAL<\/strong><\/p>\n<ul>\n<li><strong>16 ft-Trampoline<\/strong> \u2013 von 300 bis 450 lbs (135 &#8211; 200kg)<\/li>\n<\/ul>\n<p>&nbsp;<\/p>\n<h3><strong>Ich m\u00f6chte das beste verf\u00fcgbare Trampolin auf dem Markt f\u00fcr Erholungszwecke. Welche soll ich kaufen?<\/strong><\/h3>\n<p>Wenn Sie Ihr Trampolin f\u00fcr Erholungszwecke auf einer t\u00e4glichen Basis verwenden m\u00f6chten, denken Sie \u00fcber den Kauf von dem 14 oder 15 ft runden Trampolin, 9 x 15 ft rechteckigen Trampolin oder 8 x 13 ft gro\u00dfen ovalen Trampolin mit Federn oder federlos. Nat\u00fcrlich, die Gr\u00f6\u00dfe und der verf\u00fcgbare Platz sind auch wichtig.<\/p>\n<p>&nbsp;<\/p>\n<h3><strong>Wie man Trampolinverletzungen vermeiden kann?<\/strong><\/h3>\n<p><strong>Das ist eine interessante Frage, aber leider gibt es keine eindeutige Antwort. Wir k\u00f6nnen Ihnen allerdings folgendes sagen:<\/strong><\/p>\n<ul>\n<li>lesen Sie immer die Bedienungsanleitung f\u00fcr das Trampolin, weil es Ihnen mit Ihrem Trampolintraining oder wenigstens mit einigen grundlegenden Schritten helfen kann!<\/li>\n<li>verwenden Sie immer den Schutzrand und die Sicherheitseinfassung f\u00fcr das Trampolin \u2013 sie k\u00f6nnen Ihr Leben retten,<\/li>\n<li>\u00fcberpr\u00fcfen Sie vor jedem Training, ob die Trampolinmatte Schnitte oder Rei\u00dfen hat,<\/li>\n<li>\u00fcbersch\u00e4tzen Sie Ihre F\u00e4higkeiten NICHT. Lernen Sie richtig zu springen, bevor Sie irgendwelche Tricks versuchen,<\/li>\n<li>lassen Sie Ihre Kinder NICHT auf das des Trampolins ohne \u00dcberwachung. Das Trampolin ist kein Kindergarten,<\/li>\n<li>falls die Nachbarskinder kommen, um irgendwelche Trampolinspiele zu spielen, erkl\u00e4ren Sie ihnen, wie man sich auf dem Trampolin benimmt. <strong>Die Regeln m\u00fcssen bekannt sein!<\/strong><\/li>\n<\/ul>\n<p>&nbsp;<\/p>\n<h3><strong>Ist es in Ordnung auf dem Trampolin zu springen, wenn es nass ist?<\/strong><\/h3>\n<p>Nein. Ein nasses Trampolin (die Sprungfl\u00e4che) ist zu glitschig f\u00fcr sicheres Springen. Also, st\u00fcrmische oder starke Winde k\u00f6nnen dazu f\u00fchren, dass die Springer die Kontrolle verlieren. Benutzen Sie das Trampolin nur unter geeigneten Wetterbedingungen.<\/p>\n<p>&nbsp;<\/p>\n<h3><strong>Was ist ein Verankerungsset?<\/strong><\/h3>\n<p>Unser Verankerungsset verhindert das Trampolin vom Umwerfen w\u00e4hrend eines Sturms oder starke Winde. Sehr zu empfehlen ist es, ein Verankerungsset f\u00fcr <strong>alle Trampoline mit einer installierten Sicherheitseinfassung<\/strong> zu benutzen.<\/p>\n<p>&nbsp;<\/p>\n<h3><strong>Gibt es etwas, was ich tun kann, um mein Trampolin zu sch\u00fctzen?<\/strong><\/h3>\n<p><strong>Die UV-Strahlen <\/strong>zerst\u00f6ren das Trampolin im Laufe der Zeit. Nicht die Hitze, K\u00e4lte oder der Regen! Das Beste, was Sie tun k\u00f6nnen, ist, das Trampolin w\u00e4hrend der Hitze <strong>in den Schatten<\/strong> zu legen! Wenn Sie keinen Schatten haben, dann empfehlen wir Ihnen, dass Sie eine Wetterabdeckung verwenden. Es wird helfen, dass Ihr Trampolin l\u00e4nger dauert. Wenn Sie es sauber halten, wird es l\u00e4nger dauern.<\/p>\n","protected":false},"excerpt":{"rendered":"<p>H\u00e4ufig gestellte Fragen \u2013 Sie fragen, wir antworten! Die Gr\u00f6\u00dfe des Trampolins zu w\u00e4hlen, die zu Ihrem Bedarf am besten passt, kann eine schwierige Aufgabe sein. Es liegt in der menschlichen Natur, dass man das m\u00f6glichst gr\u00f6\u00dfte Trampolin auf dem Markt kaufen m\u00f6chte. Aber ist das wirklich notwendig? Na ja, nicht wirklich, weil dies in den meisten F\u00e4llen total unn\u00f6tig ist. &nbsp; Muss ich Erfahrung mit Gymnastik haben? Nein, jeder kann auf Trampolin springen, weil <\/p>\n<p class=\"read-more-container\"><a class=\"button read-more\" href=\"https:\/\/protrampolines.com\/de\/haufig-gestellte-fragen\/\" title=\"\">Weiterlesen<\/a><\/p>\n","protected":false},"author":2,"featured_media":0,"parent":0,"menu_order":0,"comment_status":"closed","ping_status":"closed","template":"","meta":[],"_links":{"self":[{"href":"https:\/\/protrampolines.com\/de\/wp-json\/wp\/v2\/pages\/16"}],"collection":[{"href":"https:\/\/protrampolines.com\/de\/wp-json\/wp\/v2\/pages"}],"about":[{"href":"https:\/\/protrampolines.com\/de\/wp-json\/wp\/v2\/types\/page"}],"author":[{"embeddable":true,"href":"https:\/\/protrampolines.com\/de\/wp-json\/wp\/v2\/users\/2"}],"replies":[{"embeddable":true,"href":"https:\/\/protrampolines.com\/de\/wp-json\/wp\/v2\/comments?post=16"}],"version-history":[{"count":0,"href":"https:\/\/protrampolines.com\/de\/wp-json\/wp\/v2\/pages\/16\/revisions"}],"wp:attachment":[{"href":"https:\/\/protrampolines.com\/de\/wp-json\/wp\/v2\/media?parent=16"}],"curies":[{"name":"wp","href":"https:\/\/api.w.org\/{rel}","templated":true}]}}