{"id":13,"date":"2016-03-31T20:20:07","date_gmt":"2016-03-31T20:20:07","guid":{"rendered":"http:\/\/protrampolines.com\/de\/?page_id=2"},"modified":"2023-01-22T09:37:18","modified_gmt":"2023-01-22T07:37:18","slug":"home","status":"publish","type":"page","link":"https:\/\/protrampolines.com\/de\/","title":{"rendered":"homepage"},"content":{"rendered":"<h2>Wozu Ein Trampolin Kaufen?<\/h2>\n<p>Die lieben Kleinen sind bekanntlich nur so lange lieb, wie sie entsprechend unterhalten werden oder sich besch\u00e4ftigen k\u00f6nnen. Hierbei gibt es f\u00fcr Kinder nat\u00fcrlich mittlerweile sehr viele tolle M\u00f6glichkeiten und vor allem die Spielzeuge entwickeln sich ebenfalls st\u00e4ndig weiter.<\/p>\n<p>Allerdings gibt es auch sehr viele tolle M\u00f6glichkeiten f\u00fcr zuhause und damit auch viele tolle Ger\u00e4te, mit denen Kinder einen enormen Spa\u00df haben k\u00f6nnen und somit auch letztlich sehr vieles erreichen k\u00f6nnen. Fragen Sie jeden, der ein Trampolin besitzt, und er wird Ihnen sagen, dass es das Beste ist, was Sie in Ihrem Garten haben k\u00f6nnen. Kinder lieben es einfach zu springen, und ein Trampolin hilft jedem Kind, sich fit und aktiv zu halten und dabei Spa\u00df zu haben.<\/p>\n<p>Bedenken Sie beim Betrachten, dass das Trampolin nur so gut ist wie sein schw\u00e4chstes Glied. Eine tolle Matte n\u00fctzt nichts, wenn die Federn zu kurz sind oder nicht ansprechen. Ein hohes Sicherheitsnetz ist eine Entt\u00e4uschung, wenn die Stangen, die es halten, alle fadenscheinig sind. Glauben Sie uns &#8211; das kommt vor, und es gibt skrupellose Hersteller, die sich diesen Mangel an Informationen zunutze machen, da die meisten Gelegenheitsk\u00e4ufer nicht wirklich wissen, worauf sie achten m\u00fcssen.<\/p>\n<p>Wir weisen in unseren Trampolin-Bewertungen immer auf diese Probleme hin, da dies vielleicht nicht auf den ersten Blick ersichtlich ist. Manche Trampoline sehen einfach fantastisch aus, sind aber unter der Haube eine echte Entt\u00e4uschung mit schlampiger Schwei\u00dfarbeit und schrecklicher Qualit\u00e4tskontrolle &#8211; und wir wollen Ihnen helfen, das zu vermeiden. Und wirklich oft bekommen wir die gleiche Frage gestellt: &#8222;Was ist das beste Trampolin?&#8220;, ehrlich gesagt, keine leicht zu beantwortende Frage, da der Preis f\u00fcr ein professionelles Trampolin bis zu 15.000 \u20ac betragen kann, w\u00e4hrend die Preise f\u00fcr Freizeittrampoline von einigen hundert bis zu einigen tausend Euro variieren. Es h\u00e4ngt alles davon ab, was Sie wirklich brauchen, und deshalb haben wir beschlossen, sie auf einen Test zu setzen!<\/p>\n<p><img loading=\"lazy\" class=\"aligncenter size-full wp-image-144\" src=\"https:\/\/protrampolines.com\/de\/wp-content\/uploads\/2020\/07\/protrampolines-de-social-fallback-cropped.jpg\" alt=\"ProTrampolines Deutschland\" width=\"1200\" height=\"587\" srcset=\"https:\/\/protrampolines.com\/de\/wp-content\/uploads\/2020\/07\/protrampolines-de-social-fallback-cropped.jpg 1200w, https:\/\/protrampolines.com\/de\/wp-content\/uploads\/2020\/07\/protrampolines-de-social-fallback-cropped-300x147.jpg 300w, https:\/\/protrampolines.com\/de\/wp-content\/uploads\/2020\/07\/protrampolines-de-social-fallback-cropped-1024x501.jpg 1024w, https:\/\/protrampolines.com\/de\/wp-content\/uploads\/2020\/07\/protrampolines-de-social-fallback-cropped-768x376.jpg 768w\" sizes=\"(max-width: 1200px) 100vw, 1200px\" \/><\/p>\n<h3>Die Sicherheit ist wichtig<\/h3>\n<p>Ein Kindertrampolin ist dabei eine tolle Sache und sorgt bei gen\u00fcgend Platz f\u00fcr tolle M\u00f6glichkeiten und vor allem auch f\u00fcr eine Menge Spa\u00df bei Kindern, die gerne einmal h\u00fcpfen und sich entsprechend bewegen m\u00f6chten.<\/p>\n<p>Es gibt nahezu kaum Kinder, die nicht Spa\u00df an einem Kindertrampolin haben und womit man nicht wenigstens ein paar Kinderaugen zum Leuchten bringen kann. Beim Kindertrampolin ist es nat\u00fcrlich auch immer wichtig zu beachten, wie viel Platz daf\u00fcr n\u00f6tig ist und ob dieser auch entsprechend realisiert werden kann. Ebenfalls muss der Platz an einer sicheren Stelle gew\u00e4hrleistet sein, da die Kinder nat\u00fcrlich auch schon mal unbeaufsichtigt darauf herumtollen und sich dann auch nicht verletzen k\u00f6nnen. Zudem ist es wichtig auf die entsprechende Qualit\u00e4t zu achten, denn billige Importe aus Fernost sollten hierbei nicht gew\u00e4hlt werden, sondern vor allem Ger\u00e4te, die auch hinsichtlich der T\u00dcV Abnahme entsprechend sicher sind und somit auch in Deutschland problemlos verkauft werden k\u00f6nnen.<\/p>\n<h3>Die Qualit\u00e4t des Kindertrampolins ist wichtig<\/h3>\n<p>Hierbei gibt es insgesamt einige verschiedene Angebote von Firmen, die eine sehr hohe Qualit\u00e4t bieten und deshalb auch beim Kauf eines Kindertrampolins entsprechend infrage kommen sollten. Hierbei sollte man keineswegs am falschen Ende sparen, denn gerade bei Produkten f\u00fcr Kinder ist es unheimlich wichtig auf gute Qualit\u00e4t zu achten und so auch die Sicherheit zu gew\u00e4hrleisten, damit die Kinder dort auch gut spielen k\u00f6nnen.<\/p>\n<p>Bevor man ein solches Kindertrampolin aufstellt, sollte man allerdings dennoch zur Sicherheit das Kindertrampolin untersuchen und so darauf achten, ob nicht gewisse Federn heraus schauen und so die Kleinen verletzen k\u00f6nnten. Selbst bei hochwertigen Produkten kann dies schon einmal vorkommen und deshalb sollte man auch hierbei entsprechende Vorsorge treffen und letztlich dann darauf achten.<\/p>\n<p>Wichtig ist es zudem nat\u00fcrlich auch ein Sicherheitsnetz, damit die Kinder nicht herausfallen k\u00f6nnen und so auch gut abgesichert sind. Allerdings besitzen die meisten Kindertrampoline eine solche Sicherheitsvorrichtung und deshalb sollte diese auch Pflicht beim Kauf sein. Wer diese Punkte beachtet und auch beim Kauf nicht auf den Euro schaut, der kann seinen Kindern und dessen Freundin eine tolle Spielm\u00f6glichkeit bieten, die diese sicherlich auch sehr freudig annehmen werden.<\/p>\n<p>&nbsp;<\/p>\n","protected":false},"excerpt":{"rendered":"<p>Wozu Ein Trampolin Kaufen? Die lieben Kleinen sind bekanntlich nur so lange lieb, wie sie entsprechend unterhalten werden oder sich besch\u00e4ftigen k\u00f6nnen. Hierbei gibt es f\u00fcr Kinder nat\u00fcrlich mittlerweile sehr viele tolle M\u00f6glichkeiten und vor allem die Spielzeuge entwickeln sich ebenfalls st\u00e4ndig weiter. Allerdings gibt es auch sehr viele tolle M\u00f6glichkeiten f\u00fcr zuhause und damit auch viele tolle Ger\u00e4te, mit denen Kinder einen enormen Spa\u00df haben k\u00f6nnen und somit auch letztlich sehr vieles erreichen k\u00f6nnen. <\/p>\n<p class=\"read-more-container\"><a class=\"button read-more\" href=\"https:\/\/protrampolines.com\/de\/\" title=\"\">Weiterlesen<\/a><\/p>\n","protected":false},"author":2,"featured_media":142,"parent":0,"menu_order":0,"comment_status":"closed","ping_status":"closed","template":"","meta":[],"_links":{"self":[{"href":"https:\/\/protrampolines.com\/de\/wp-json\/wp\/v2\/pages\/13"}],"collection":[{"href":"https:\/\/protrampolines.com\/de\/wp-json\/wp\/v2\/pages"}],"about":[{"href":"https:\/\/protrampolines.com\/de\/wp-json\/wp\/v2\/types\/page"}],"author":[{"embeddable":true,"href":"https:\/\/protrampolines.com\/de\/wp-json\/wp\/v2\/users\/2"}],"replies":[{"embeddable":true,"href":"https:\/\/protrampolines.com\/de\/wp-json\/wp\/v2\/comments?post=13"}],"version-history":[{"count":6,"href":"https:\/\/protrampolines.com\/de\/wp-json\/wp\/v2\/pages\/13\/revisions"}],"predecessor-version":[{"id":250,"href":"https:\/\/protrampolines.com\/de\/wp-json\/wp\/v2\/pages\/13\/revisions\/250"}],"wp:featuredmedia":[{"embeddable":true,"href":"https:\/\/protrampolines.com\/de\/wp-json\/wp\/v2\/media\/142"}],"wp:attachment":[{"href":"https:\/\/protrampolines.com\/de\/wp-json\/wp\/v2\/media?parent=13"}],"curies":[{"name":"wp","href":"https:\/\/api.w.org\/{rel}","templated":true}]}}