{"id":125,"date":"2020-07-08T07:49:27","date_gmt":"2020-07-08T07:49:27","guid":{"rendered":"http:\/\/protrampolines.com\/de\/?page_id=125"},"modified":"2020-07-08T07:49:27","modified_gmt":"2020-07-08T07:49:27","slug":"cookie-richtlinie","status":"publish","type":"page","link":"https:\/\/protrampolines.com\/de\/cookie-richtlinie\/","title":{"rendered":"Cookie-Richtlinie"},"content":{"rendered":"<p><strong>Unsere Cookie-Richtlinie erkl\u00e4rt, was Cookies sind, wie wir Cookies verwenden, welche M\u00f6glichkeiten Sie in Bezug auf Cookies haben und wo Sie weitere Informationen \u00fcber Cookies finden k\u00f6nnen. Mit der Nutzung dieser Website stimmen Sie der Verwendung von Cookies zu.<\/strong><\/p>\n<h2>Was sind Cookies?<\/h2>\n<p>Cookies sind kleine Textdateien, die von der Website, die Sie besuchen, auf Ihrem Computer gespeichert werden. Cookies merken sich normalerweise Ihre pers\u00f6nlichen oder Website-Einstellungen, wie Ihre bevorzugte Sprache oder Adresse. Sp\u00e4ter, wenn Sie dieselbe Website besuchen, gibt Ihr Browser diese Textdateien zur\u00fcck, die zu dieser Website geh\u00f6ren. Dadurch kann die Website Informationen anzeigen, die an Ihre Pr\u00e4ferenzen angepasst sind.<\/p>\n<p>Cookies k\u00f6nnen eine ganze Reihe von Informationen einschlie\u00dflich pers\u00f6nlicher Informationen (wie Ihren Namen oder Ihre E-Mail-Adresse) speichern. Diese Informationen k\u00f6nnen jedoch nur gespeichert werden, wenn Sie sie aktivieren &#8211; Websites k\u00f6nnen weder auf Informationen zugreifen, die Sie nicht angegeben haben, noch k\u00f6nnen sie auf andere Dateien auf Ihrem Computer zugreifen. Gespeicherte Einstellungen zum Speichern und Senden von Cookies sind nicht sichtbar. Sie k\u00f6nnen jedoch die Einstellungen Ihres Internet-Browsers \u00e4ndern und sich daf\u00fcr entscheiden, Cookie-Anfragen zuzulassen oder abzulehnen oder gespeicherte Cookies nach dem Schlie\u00dfen Ihres Browsers zu l\u00f6schen.<\/p>\n<h3>Welche Cookies verwenden wir und warum?<\/h3>\n<p>Session-Cookies werden nach dem Schlie\u00dfen Ihres Browsers gel\u00f6scht. Sie werden zur Speicherung tempor\u00e4rer Daten, wie z.B. dem Inhalt Ihres Warenkorbes, verwendet. Wir k\u00f6nnen sie verwenden, um den Zugriff auf unsere Inhalte zu erm\u00f6glichen.<\/p>\n<p>Persistente Cookies verbleiben auch nach dem Schlie\u00dfen Ihres Browsers auf Ihrem Computer. Websites verwenden sie, um Daten wie Ihren Benutzernamen oder Ihr Passwort zu speichern, so dass Sie sich nicht jedes Mal einloggen m\u00fcssen, wenn Sie eine Website besuchen. Persistente Cookies verbleiben auf Ihrem Computer f\u00fcr Tage, Monate oder sogar Jahre. Wir verwenden persistente Cookies, um die Gewohnheiten unserer Benutzer besser zu verstehen und die Website nach Ihren Bed\u00fcrfnissen zu verbessern. Diese Informationen sind anonym &#8211; wir k\u00f6nnen keine individuellen Benutzerdaten sehen.<\/p>\n<p>Google Analytics _dc_gtm_UA-#<br \/>\n_ga<br \/>\n_gid<br \/>\ncollect<\/p>\n<p>Wir verwenden diese Cookies, um Informationen \u00fcber die Art und Weise zu sammeln, wie Benutzer mit unserer Website interagieren. Wir verwenden diese Informationen, um Berichte zu erstellen und uns bei der Verbesserung der Website zu helfen. Die Cookies sammeln Informationen in anonymer Form, einschlie\u00dflich der Anzahl der Besucher der Website, woher die Besucher auf die Website gekommen sind und welche Seiten sie besucht haben. Wenn Sie diese Cookies nicht zulassen, k\u00f6nnen wir Ihren Besuch nicht in unsere Statistiken aufnehmen.<\/p>\n<p>Behavioural marketing r\/collect &#8211; Session-Cookie per Doubleclick zur Verfolgung des Besucherverhaltens.<\/p>\n<h3>Welche M\u00f6glichkeiten haben Sie in Bezug auf Cookies?<\/h3>\n<p>Durch die Deaktivierung von Cookies entscheiden Sie, dass keine Cookies auf Ihrem Computer gespeichert werden d\u00fcrfen. Die Cookie-Einstellungen k\u00f6nnen in Ihrem Browser kontrolliert und konfiguriert werden. Um Informationen zur Anpassung Ihrer Cookie-Einstellungen zu erhalten, w\u00e4hlen Sie den von Ihnen verwendeten Browser.<\/p>\n<p>Chrome<br \/>\nFirefox<br \/>\nInternet Explorer<br \/>\nOpera<br \/>\nSafari<\/p>\n<p>Bitte beachten Sie jedoch, dass Sie durch das Blockieren von Cookies zwar weiterhin in der Lage sind, diese Website zu durchsuchen, einige ihrer Funktionen jedoch m\u00f6glicherweise nicht verf\u00fcgbar sind.<\/p>\n<p>Weitere Informationen \u00fcber Cookies, einschlie\u00dflich der Informationen, wie Sie sehen k\u00f6nnen, welche Cookies gesetzt wurden und wie Sie diese verwalten und l\u00f6schen k\u00f6nnen, finden Sie unter www.allaboutcookies.org oder www.youronlinechoices.eu. Wenn Sie die Verfolgung durch Google Analytics auf allen Websites deaktivieren m\u00f6chten, besuchen Sie diese Website http:\/\/tools.google.com\/dlpage\/gaoptout.<\/p>\n<p>Um Cookies dieser Website vollst\u00e4ndig zu widerrufen, klicken Sie bitte hier: Cookies widerrufen<\/p>\n<h3>\u00c4nderungen an unserer Cookie-Richtlinie<\/h3>\n<p>Alle \u00c4nderungen, die wir in Zukunft an unserer Cookie-Richtlinie vornehmen, werden auf dieser Seite ver\u00f6ffentlicht. Bitte besuchen Sie diese Seite regelm\u00e4\u00dfig, um \u00fcber Aktualisierungen oder \u00c4nderungen unserer Cookie-Richtlinie informiert zu werden. Diese Cookie-Richtlinie wurde zuletzt am 12. Oktober 2018 aktualisiert und ersetzt alle anderen Cookie-Richtlinien, die ab diesem Datum gelten.<\/p>\n<h2>Kontakt<\/h2>\n<p>Fragen, Kommentare und Anfragen zu dieser Cookie-Richtlinie sind willkommen und sollten an info@protrampolines.com gesendet werden.<\/p>\n","protected":false},"excerpt":{"rendered":"<p>Unsere Cookie-Richtlinie erkl\u00e4rt, was Cookies sind, wie wir Cookies verwenden, welche M\u00f6glichkeiten Sie in Bezug auf Cookies haben und wo Sie weitere Informationen \u00fcber Cookies finden k\u00f6nnen. Mit der Nutzung dieser Website stimmen Sie der Verwendung von Cookies zu. Was sind Cookies? Cookies sind kleine Textdateien, die von der Website, die Sie besuchen, auf Ihrem Computer gespeichert werden. Cookies merken sich normalerweise Ihre pers\u00f6nlichen oder Website-Einstellungen, wie Ihre bevorzugte Sprache oder Adresse. Sp\u00e4ter, wenn Sie <\/p>\n<p class=\"read-more-container\"><a class=\"button read-more\" href=\"https:\/\/protrampolines.com\/de\/cookie-richtlinie\/\" title=\"\">Weiterlesen<\/a><\/p>\n","protected":false},"author":1,"featured_media":126,"parent":0,"menu_order":0,"comment_status":"closed","ping_status":"closed","template":"","meta":[],"_links":{"self":[{"href":"https:\/\/protrampolines.com\/de\/wp-json\/wp\/v2\/pages\/125"}],"collection":[{"href":"https:\/\/protrampolines.com\/de\/wp-json\/wp\/v2\/pages"}],"about":[{"href":"https:\/\/protrampolines.com\/de\/wp-json\/wp\/v2\/types\/page"}],"author":[{"embeddable":true,"href":"https:\/\/protrampolines.com\/de\/wp-json\/wp\/v2\/users\/1"}],"replies":[{"embeddable":true,"href":"https:\/\/protrampolines.com\/de\/wp-json\/wp\/v2\/comments?post=125"}],"version-history":[{"count":1,"href":"https:\/\/protrampolines.com\/de\/wp-json\/wp\/v2\/pages\/125\/revisions"}],"predecessor-version":[{"id":127,"href":"https:\/\/protrampolines.com\/de\/wp-json\/wp\/v2\/pages\/125\/revisions\/127"}],"wp:featuredmedia":[{"embeddable":true,"href":"https:\/\/protrampolines.com\/de\/wp-json\/wp\/v2\/media\/126"}],"wp:attachment":[{"href":"https:\/\/protrampolines.com\/de\/wp-json\/wp\/v2\/media?parent=125"}],"curies":[{"name":"wp","href":"https:\/\/api.w.org\/{rel}","templated":true}]}}