{"id":122,"date":"2020-07-08T07:42:33","date_gmt":"2020-07-08T07:42:33","guid":{"rendered":"http:\/\/protrampolines.com\/de\/?page_id=122"},"modified":"2020-07-08T07:42:33","modified_gmt":"2020-07-08T07:42:33","slug":"terms-bedingungen","status":"publish","type":"page","link":"https:\/\/protrampolines.com\/de\/terms-bedingungen\/","title":{"rendered":"Terms &#038; Bedingungen"},"content":{"rendered":"<p>Wir werden die bestm\u00f6glichen Informationen bereitstellen, aber Sie und nur Sie sind daf\u00fcr verantwortlich, Ihre eigenen Nachforschungen anzustellen, bevor Sie Ma\u00dfnahmen ergreifen. Wir haften nicht f\u00fcr irgendetwas, das durch die Verwendung von Informationen geschieht, die hier auf <a href=\"\/au\/\"> ProTrampolines.com\/de\/<\/a> bereitgestellt werden.<\/p>\n","protected":false},"excerpt":{"rendered":"<p>Wir werden die bestm\u00f6glichen Informationen bereitstellen, aber Sie und nur Sie sind daf\u00fcr verantwortlich, Ihre eigenen Nachforschungen anzustellen, bevor Sie Ma\u00dfnahmen ergreifen. Wir haften nicht f\u00fcr irgendetwas, das durch die Verwendung von Informationen geschieht, die hier auf ProTrampolines.com\/de\/ bereitgestellt werden. <\/p>\n<p class=\"read-more-container\"><a class=\"button read-more\" href=\"https:\/\/protrampolines.com\/de\/terms-bedingungen\/\" title=\"\">Weiterlesen<\/a><\/p>\n","protected":false},"author":1,"featured_media":0,"parent":0,"menu_order":0,"comment_status":"closed","ping_status":"closed","template":"","meta":[],"_links":{"self":[{"href":"https:\/\/protrampolines.com\/de\/wp-json\/wp\/v2\/pages\/122"}],"collection":[{"href":"https:\/\/protrampolines.com\/de\/wp-json\/wp\/v2\/pages"}],"about":[{"href":"https:\/\/protrampolines.com\/de\/wp-json\/wp\/v2\/types\/page"}],"author":[{"embeddable":true,"href":"https:\/\/protrampolines.com\/de\/wp-json\/wp\/v2\/users\/1"}],"replies":[{"embeddable":true,"href":"https:\/\/protrampolines.com\/de\/wp-json\/wp\/v2\/comments?post=122"}],"version-history":[{"count":1,"href":"https:\/\/protrampolines.com\/de\/wp-json\/wp\/v2\/pages\/122\/revisions"}],"predecessor-version":[{"id":123,"href":"https:\/\/protrampolines.com\/de\/wp-json\/wp\/v2\/pages\/122\/revisions\/123"}],"wp:attachment":[{"href":"https:\/\/protrampolines.com\/de\/wp-json\/wp\/v2\/media?parent=122"}],"curies":[{"name":"wp","href":"https:\/\/api.w.org\/{rel}","templated":true}]}}