{"id":113,"date":"2020-07-08T06:34:52","date_gmt":"2020-07-08T06:34:52","guid":{"rendered":"http:\/\/protrampolines.com\/de\/?page_id=113"},"modified":"2020-07-08T07:06:19","modified_gmt":"2020-07-08T07:06:19","slug":"datenschutz","status":"publish","type":"page","link":"https:\/\/protrampolines.com\/de\/datenschutz\/","title":{"rendered":"Datenschutz"},"content":{"rendered":"<h1>Datenschutzmitteilung f\u00fcr Kunden<\/h1>\n<p>Diese Mitteilung beschreibt, wie die \u201eVirtualis digital\u201c Antuna Mihanovica 5, 40 000 Cakovec, Kroatien (\u201ewir\u201c) Ihre personenbezogenen Daten im Rahmen der Kundenbeziehung verarbeitet.<\/p>\n<h2>Zwecke der Datenverarbeitung<\/h2>\n<p>Wir werden Ihre in Punkt 2 genannten personenbezogenen Daten zu folgenden Zwecken verarbeiten:<\/p>\n<ul>\n<li>Gesch\u00e4ftsanbahnung betreffend unsere Lieferungs- und Leistungsangebot;<\/li>\n<li>Abwicklung von Verkaufsprozessen und die Erbringung von Dienstleistungen;<\/li>\n<li>Betrieb eines Webshops, soweit Sie diesen verwenden;<\/li>\n<li>Verwaltung unserer Kundenbeziehungen, einschlie\u00dflich Kontaktpflege und Kommunikation.<\/li>\n<li>Diese Daten erheben wir direkt von Ihnen im Rahmen von Verkaufsprozessen bzw. dem Betrieb unseres Webshops oder \u00fcber unsere Mitarbeiter und Handelsvertreter, welche mit Ihnen in Kontakt stehen.<\/li>\n<\/ul>\n<p>Die Bereitstellung Ihrer personenbezogenen Daten ist freiwillig. Allerdings werden bestimmte Verkaufs- oder Kommunikationsprozesse nicht m\u00f6glich sein, wenn Sie Ihre personenbezogenen Daten nicht bereitstellen.<\/p>\n<h3>Verarbeitete Datenkategorien und Rechtsgrundlagen der Verarbeitung<\/h3>\n<p>Wir verarbeiten Ihre in Anhang 1 genannten personenbezogene Daten einschlie\u00dflich Cookies (siehe Punkt 3) entweder (i) auf der Grundlage unseres \u00fcberwiegenden berechtigten Interesses gem\u00e4\u00df Art. 6 Abs. 1 lit. f Datenschutz-Grundverordnung (\u201eDSGVO\u201c), welches darin besteht, unsere Kundenbeziehungen effizient zu verwalten oder (ii) auf der Grundlage der Notwendigkeit zur Erf\u00fcllung eines Vertrages mit Ihnen (Art. 6 Abs. 1 lit. b DSGVO).<\/p>\n<p>In manchen F\u00e4llen werden wir die oben genannten Daten mit Ihrer Einwilligung (Art. 6 Abs. 1 lit. a) verarbeiten, sofern Sie uns diese in einem separaten Prozess erteilen.<\/p>\n<h2>Cookies<\/h2>\n<p>Auf dieser Website werden sogenannte Cookies verwendet. Ein Cookie ist eine kleine Datei, die auf Ihrem Computer gespeichert werden kann, wenn Sie eine Website besuchen. Grunds\u00e4tzlich werden Cookies verwendet, um Nutzern zus\u00e4tzliche Funktionen auf einer Website zu bieten. Sie k\u00f6nnen zum Beispiel verwendet werden, um Ihnen die Navigation auf einer Website zu erleichtern, es Ihnen zu erm\u00f6glichen, eine Website dort weiter zu verwenden, wo Sie sie verlassen haben und\/oder Ihre Pr\u00e4ferenzen und Einstellungen zu speichern, wenn Sie die Website wieder besuchen. Cookies k\u00f6nnen auf keine anderen Daten auf Ihrem Computer zugreifen, diese lesen oder ver\u00e4ndern.<\/p>\n<p>Die meisten der Cookies auf dieser Website sind sogenannte Session-Cookies. Sie werden automatisch gel\u00f6scht, wenn Sie unsere Website wieder verlassen. Dauerhafte Cookies hingegen bleiben auf Ihrem Computer, bis Sie sie manuell in Ihrem Browser l\u00f6schen. Wir verwenden solche dauerhaften Cookies, um Sie wieder zu erkennen, wenn Sie unsere Website das n\u00e4chste Mal besuchen.<\/p>\n<p>Wenn Sie Cookies auf Ihrem Computer kontrollieren wollen, k\u00f6nnen Sie ihre Browser-Einstellungen so w\u00e4hlen, dass Sie eine Benachrichtigung bekommen, wenn eine Website Cookies speichern will. Sie k\u00f6nnen Cookies auch blockieren oder l\u00f6schen, wenn sie bereits auf Ihrem Computer gespeichert wurden. Wenn Sie mehr dar\u00fcber wissen m\u00f6chten, wie Sie diese Schritte setzen k\u00f6nnen, ben\u00fctzen Sie bitte die \u201eHilfe\u201c-Funktion in Ihrem Browser.<\/p>\n<p>Beachten Sie bitte, dass das Blockieren oder L\u00f6schen von Cookies Ihre Online-Erfahrung beeintr\u00e4chtigen und Sie daran hindern k\u00f6nnte, diese Website vollst\u00e4ndig zu nutzen.<\/p>\n<h2>Facebook Pixel<\/h2>\n<p>Mit Ihrer Einwilligung setzen wir aufgrund unseres berechtigten Interesses an der Analyse und Optimierung unseres Webauftrittes das sog. \u201eFacebook-Pixel\u201c des sozialen Netzwerkes Facebook ein. Betreibergesellschaft von Facebook ist Facebook, Inc., 1 Hacker Way, Menlo Park, CA 94025, USA bzw. innerhalb der EU Facebook Ireland Ltd., 4 Grand Canal Square, Grand Canal Harbour, Dublin 2, Ireland<\/p>\n<p>Mit dessen Hilfe k\u00f6nnen wir die Aktionen von Nutzern nachverfolgen, nach dem diese eine Facebook-Werbeanzeige (\u201eFacebook-Ad\u201c) gesehen oder geklickt haben. So k\u00f6nnen wir die Wirksamkeit der Facebook-Ads f\u00fcr Statistik- und Marktforschungszwecke erfassen.<\/p>\n<p>Die so erfassten Daten sind f\u00fcr uns anonym, das hei\u00dft wir sehen nicht die personenbezogenen Daten einzelner Nutzer. Diese Daten werden jedoch von Facebook gespeichert und verarbeitet, wor\u00fcber wir Sie entsprechend unserem Kenntnisstand unterrichten.<\/p>\n<p>Facebook kann diese Daten mit Ihrem Facebook-Konto verbinden und auch f\u00fcr eigene Werbezwecke (siehe Datenverwendungsrichtlinie von Facebook: (<a href=\"https:\/\/www.facebook.com\/about\/privacy\/\" target=\"_blank\" rel=\"nofollow noopener noreferrer\">https:\/\/www.facebook.com\/about\/privacy\/<\/a>) verwenden. Sie k\u00f6nnen Facebook sowie dessen Partnern das Schalten von Werbeanzeigen auf und au\u00dferhalb von Facebook erm\u00f6glichen.<\/p>\n<p>Es kann ferner zu diesen Zwecken ein Cookie auf Ihrem Rechner gespeichert werden.<\/p>\n<p>Diese Einwilligung darf nur von Nutzern, die \u00e4lter als 13 Jahre alt sind erkl\u00e4rt werden. Falls Sie j\u00fcnger sind, bitten wir, Ihre Erziehungsberechtigten um Rat zu fragen.<\/p>\n<h2>\u00dcbermittlung Ihrer personenbezogenen Daten<\/h2>\n<p>Zu den oben genannten Zwecken werden wir Ihre personenbezogenen Daten an folgende Empf\u00e4nger \u00fcbermitteln:<\/p>\n<ul>\n<li>von uns eingesetzte IT-Dienstleister;<\/li>\n<li>verbundene Unternehmen;<\/li>\n<li>Banken zur Abwicklung des Zahlungsverkehrs;<\/li>\n<li>Rechtsvertreter im Gesch\u00e4ftsfall;<\/li>\n<li>Wirtschaftstreuh\u00e4nder f\u00fcr Zwecke des Auditing;<\/li>\n<li>Gerichte;<\/li>\n<li>Zust\u00e4ndige Verwaltungsbeh\u00f6rden, insb. Finanzbeh\u00f6rden;<\/li>\n<li>Inkassounternehmen zur Schuldeneintreibung;<\/li>\n<li>Fremdfinanzierer wie Leasing- oder Factoringunternehmen und Zessionare, sofern die Lieferung oder Leistung auf diese Weise fremdfinanziert ist;<\/li>\n<li>Vertrags- oder Gesch\u00e4ftspartner, die an der Lieferung oder Leistung mitwirken bzw. mitwirken sollen;<\/li>\n<li>Versicherungen aus Anlass des Abschlusses eines Versicherungsvertrages \u00fcber die Lieferung\/Leistung oder des Eintritts des Versicherungsfalles;<\/li>\n<\/ul>\n<p>Manche der oben genannten Empf\u00e4nger befinden sich au\u00dferhalb Ihres Landes oder verarbeiten dort Ihre personenbezogenen Daten. Das Datenschutzniveau in anderen L\u00e4ndern entspricht unter Umst\u00e4nden nicht dem Ihres Landes. Wir \u00fcbermitteln Ihre personenbezogenen Daten jedoch nur in L\u00e4nder, f\u00fcr welche die EU-Kommission entschieden hat, dass sie \u00fcber ein angemessenes Datenschutzniveau verf\u00fcgen oder wir setzen Ma\u00dfnahmen, um zu gew\u00e4hrleisten, dass alle Empf\u00e4nger ein angemessenes Datenschutzniveau haben. Dazu schlie\u00dfen wir beispielsweise Standardvertragsklauseln (2010\/87\/EC und\/oder 2004\/915\/EC) ab. Diese sind auf Anfrage unter info@protrampolines.com verf\u00fcgbar.<\/p>\n<h2>Speicherdauer<\/h2>\n<p>Ihre personenbezogenen Daten werden von uns nur so lange aufbewahrt, wie dies vern\u00fcnftigerweise von uns als n\u00f6tig erachtet wird um die unter Punkt 1 genannten Zwecke zu erreichen und wie dies nach anwendbarem Recht zul\u00e4ssig ist. Wir speichern Ihre personenbezogenen Daten jedenfalls solange die Gesch\u00e4ftsbeziehung aufrecht ist, gesetzliche Aufbewahrungspflichten bestehen oder Verj\u00e4hrungsfristen potentieller Rechtsanspr\u00fcche noch nicht abgelaufen sind.<\/p>\n<h3>Ihre Rechte im Zusammenhang mit personenbezogenen Daten<\/h3>\n<p>Nach geltendem Recht sind Sie unter anderem berechtigt (unter den Voraussetzungen anwendbaren Rechts), (i) zu \u00fcberpr\u00fcfen, ob und welche personenbezogenen Daten wir \u00fcber Sie gespeichert haben und Kopien dieser Daten zu erhalten, (ii) die Berichtigung, Erg\u00e4nzung, oder das L\u00f6schen Ihrer personenbezogenen Daten, die falsch sind oder nicht rechtskonform verarbeitet werden, zu verlangen, (iii) von uns zu verlangen, die Verarbeitung Ihrer personenbezogenen Daten einzuschr\u00e4nken, (iv) unter bestimmten Umst\u00e4nden der Verarbeitung Ihrer personenbezogenen Daten zu widersprechen oder eine allf\u00e4llige f\u00fcr das Verarbeiten zuvor gegebene Einwilligung zu widerrufen, (v) Daten\u00fcbertragbarkeit zu verlangen, (vi) die Identit\u00e4t von Dritten, an welche Ihre personenbezogenen Daten \u00fcbermittelt werden, zu kennen und (vii) bei der zust\u00e4ndigen Beh\u00f6rde Beschwerde zu erheben.<\/p>\n<h3>Unsere Kontaktdaten<\/h3>\n<p>Sollten Sie zu der Verarbeitung Ihrer personenbezogenen Daten Fragen oder Anliegen haben, wenden Sie sich bitte an uns:<\/p>\n<p><img loading=\"lazy\" class=\"alignleft size-full wp-image-117\" src=\"https:\/\/protrampolines.com\/de\/wp-content\/uploads\/2020\/07\/virtualis-logo-transparent-new-300px.jpg\" alt=\"virtualis digital logo\" width=\"300\" height=\"152\" \/><\/p>\n<p><strong>VIRTUALIS digital<\/strong><br \/>\nAntuna Mihanovica 5,<br \/>\nCakovec 40000,<br \/>\nKroatien<\/p>\n<p>info@protrampolines.com<\/p>\n<p>Zuletzt aktualisiert am 08.07.2020<\/p>\n","protected":false},"excerpt":{"rendered":"<p>Datenschutzmitteilung f\u00fcr Kunden Diese Mitteilung beschreibt, wie die \u201eVirtualis digital\u201c Antuna Mihanovica 5, 40 000 Cakovec, Kroatien (\u201ewir\u201c) Ihre personenbezogenen Daten im Rahmen der Kundenbeziehung verarbeitet. Zwecke der Datenverarbeitung Wir werden Ihre in Punkt 2 genannten personenbezogenen Daten zu folgenden Zwecken verarbeiten: Gesch\u00e4ftsanbahnung betreffend unsere Lieferungs- und Leistungsangebot; Abwicklung von Verkaufsprozessen und die Erbringung von Dienstleistungen; Betrieb eines Webshops, soweit Sie diesen verwenden; Verwaltung unserer Kundenbeziehungen, einschlie\u00dflich Kontaktpflege und Kommunikation. Diese Daten erheben wir direkt <\/p>\n<p class=\"read-more-container\"><a class=\"button read-more\" href=\"https:\/\/protrampolines.com\/de\/datenschutz\/\" title=\"\">Weiterlesen<\/a><\/p>\n","protected":false},"author":1,"featured_media":120,"parent":0,"menu_order":0,"comment_status":"closed","ping_status":"closed","template":"","meta":[],"_links":{"self":[{"href":"https:\/\/protrampolines.com\/de\/wp-json\/wp\/v2\/pages\/113"}],"collection":[{"href":"https:\/\/protrampolines.com\/de\/wp-json\/wp\/v2\/pages"}],"about":[{"href":"https:\/\/protrampolines.com\/de\/wp-json\/wp\/v2\/types\/page"}],"author":[{"embeddable":true,"href":"https:\/\/protrampolines.com\/de\/wp-json\/wp\/v2\/users\/1"}],"replies":[{"embeddable":true,"href":"https:\/\/protrampolines.com\/de\/wp-json\/wp\/v2\/comments?post=113"}],"version-history":[{"count":6,"href":"https:\/\/protrampolines.com\/de\/wp-json\/wp\/v2\/pages\/113\/revisions"}],"predecessor-version":[{"id":121,"href":"https:\/\/protrampolines.com\/de\/wp-json\/wp\/v2\/pages\/113\/revisions\/121"}],"wp:featuredmedia":[{"embeddable":true,"href":"https:\/\/protrampolines.com\/de\/wp-json\/wp\/v2\/media\/120"}],"wp:attachment":[{"href":"https:\/\/protrampolines.com\/de\/wp-json\/wp\/v2\/media?parent=113"}],"curies":[{"name":"wp","href":"https:\/\/api.w.org\/{rel}","templated":true}]}}